{"id":85,"date":"2023-11-17T15:54:02","date_gmt":"2023-11-17T14:54:02","guid":{"rendered":"https:\/\/www.tymad.com\/?page_id=85"},"modified":"2024-01-02T17:39:50","modified_gmt":"2024-01-02T16:39:50","slug":"our-good-addresses","status":"publish","type":"page","link":"https:\/\/www.tymad.com\/en\/nos-bonnes-adresses\/","title":{"rendered":"Our good addresses"},"content":{"rendered":"<div data-elementor-type=\"wp-page\" data-elementor-id=\"85\" class=\"elementor elementor-85\" data-elementor-post-type=\"page\">\n\t\t\t\t<section class=\"elementor-element elementor-element-20a9661 e-con-full e-flex e-con e-parent\" data-id=\"20a9661\" data-element_type=\"container\" data-e-type=\"container\" data-settings=\"{&quot;background_background&quot;:&quot;classic&quot;}\">\n\t\t\t\t<div class=\"elementor-element elementor-element-e8287cf elementor-widget elementor-widget-heading\" data-id=\"e8287cf\" data-element_type=\"widget\" data-e-type=\"widget\" data-widget_type=\"heading.default\">\n\t\t\t\t<div class=\"elementor-widget-container\">\n\t\t\t\t\t<h1 class=\"elementor-heading-title elementor-size-default\">Our good<br \/>addresses<\/h1>\t\t\t\t<\/div>\n\t\t\t\t<\/div>\n\t\t\t\t<\/section>\n\t\t<section class=\"elementor-element elementor-element-ff6e804 e-flex e-con-boxed e-con e-parent\" data-id=\"ff6e804\" data-element_type=\"container\" data-e-type=\"container\" id=\"ecran-bonnes-adresses\" data-settings=\"{&quot;background_background&quot;:&quot;classic&quot;}\">\n\t\t\t\t\t<div class=\"e-con-inner\">\n\t\t<div class=\"elementor-element elementor-element-19836fb e-con-full e-flex e-con e-child\" data-id=\"19836fb\" data-element_type=\"container\" data-e-type=\"container\">\n\t\t<div class=\"elementor-element elementor-element-87873cd e-con-full e-flex e-con e-child\" data-id=\"87873cd\" data-element_type=\"container\" data-e-type=\"container\" data-settings=\"{&quot;background_background&quot;:&quot;classic&quot;}\">\n\t\t\t\t<div class=\"elementor-element elementor-element-557b49c elementor-widget__width-initial elementor-widget elementor-widget-heading\" data-id=\"557b49c\" data-element_type=\"widget\" data-e-type=\"widget\" data-widget_type=\"heading.default\">\n\t\t\t\t<div class=\"elementor-widget-container\">\n\t\t\t\t\t<h2 class=\"elementor-heading-title elementor-size-default\">TRANSPORT<\/h2>\t\t\t\t<\/div>\n\t\t\t\t<\/div>\n\t\t\t\t<div class=\"elementor-element elementor-element-9fb3620 elementor-widget__width-initial elementor-widget elementor-widget-heading\" data-id=\"9fb3620\" data-element_type=\"widget\" data-e-type=\"widget\" data-widget_type=\"heading.default\">\n\t\t\t\t<div class=\"elementor-widget-container\">\n\t\t\t\t\t<h3 class=\"elementor-heading-title elementor-size-default\">Air France: Roissy or Orly\/Lorient (1h) - Lann Bihou\u00e9 airport (20' from the pier): 0 802 802 802 \n<\/br>SNCF: Paris - Lorient TGV (3h30): 08 08353 535 <\/h3>\t\t\t\t<\/div>\n\t\t\t\t<\/div>\n\t\t\t\t<div class=\"elementor-element elementor-element-76daf75 btn-maillage2 elementor-widget__width-initial elementor-mobile-align-center elementor-widget elementor-widget-button\" data-id=\"76daf75\" data-element_type=\"widget\" data-e-type=\"widget\" data-widget_type=\"button.default\">\n\t\t\t\t<div class=\"elementor-widget-container\">\n\t\t\t\t\t\t\t\t\t<div class=\"elementor-button-wrapper\">\n\t\t\t\t\t<a class=\"elementor-button elementor-button-link elementor-size-sm\" href=\"http:\/\/www.oui.sncf\" rel=\"nofollow noopener\" target=\"_blank\">\n\t\t\t\t\t\t<span class=\"elementor-button-content-wrapper\">\n\t\t\t\t\t\t<span class=\"elementor-button-icon\">\n\t\t\t\t<svg xmlns=\"http:\/\/www.w3.org\/2000\/svg\" width=\"14.134\" height=\"21.348\" viewbox=\"0 0 14.134 21.348\"><path d=\"M992.244,10173.632c-.254-.061-.531-.2-1.109-1.2a5.693,5.693,0,0,1-.58-1.285,19.37,19.37,0,0,0-1.334-1.511c-.722-.774-1.54-1.651-2.233-2.516-1.168-1.457-1.839-1.41-2.767-1.347l-.105.008a23.683,23.683,0,0,0-4.233,2.751,33.153,33.153,0,0,0-3.886,3.176,7.872,7.872,0,0,1-1.9,1.818l-.835-1.246a6.31,6.31,0,0,0,1.488-1.4,34.934,34.934,0,0,1,4.328-3.612c3.949-2.914,4.677-2.962,4.916-2.978l.125-.009c1.062-.072,2.382-.164,4.041,1.905.657.819,1.456,1.676,2.16,2.431,1.261,1.352,1.635,1.769,1.7,2.208a6.236,6.236,0,0,0,.828,1.479.574.574,0,0,0-.256-.127Z\" transform=\"matrix(0.259, 0.966, -0.966, 0.259, 9575.075, -3570.797)\" fill=\"#a67a12\"><\/path><\/svg>\t\t\t<\/span>\n\t\t\t\t\t\t\t\t\t<span class=\"elementor-button-text\">Go to page<\/span>\n\t\t\t\t\t<\/span>\n\t\t\t\t\t<\/a>\n\t\t\t\t<\/div>\n\t\t\t\t\t\t\t\t<\/div>\n\t\t\t\t<\/div>\n\t\t\t\t<\/div>\n\t\t<div class=\"elementor-element elementor-element-62c914a e-con-full e-flex e-con e-child\" data-id=\"62c914a\" data-element_type=\"container\" data-e-type=\"container\" data-settings=\"{&quot;background_background&quot;:&quot;classic&quot;}\">\n\t\t\t\t<\/div>\n\t\t\t\t<\/div>\n\t\t<div class=\"elementor-element elementor-element-0c9b939 e-con-full e-flex e-con e-child\" data-id=\"0c9b939\" data-element_type=\"container\" data-e-type=\"container\">\n\t\t<div class=\"elementor-element elementor-element-dc3099e e-con-full e-flex e-con e-child\" data-id=\"dc3099e\" data-element_type=\"container\" data-e-type=\"container\" data-settings=\"{&quot;background_background&quot;:&quot;classic&quot;}\">\n\t\t\t\t<div class=\"elementor-element elementor-element-f3aa064 elementor-widget__width-initial elementor-widget elementor-widget-heading\" data-id=\"f3aa064\" data-element_type=\"widget\" data-e-type=\"widget\" data-widget_type=\"heading.default\">\n\t\t\t\t<div class=\"elementor-widget-container\">\n\t\t\t\t\t<h2 class=\"elementor-heading-title elementor-size-default\">Maritime Transport Ferries\n<\/h2>\t\t\t\t<\/div>\n\t\t\t\t<\/div>\n\t\t\t\t<div class=\"elementor-element elementor-element-c5a69ee elementor-widget__width-initial elementor-widget elementor-widget-heading\" data-id=\"c5a69ee\" data-element_type=\"widget\" data-e-type=\"widget\" data-widget_type=\"heading.default\">\n\t\t\t\t<div class=\"elementor-widget-container\">\n\t\t\t\t\t<h3 class=\"elementor-heading-title elementor-size-default\"><a href=\"\/en\/www.compagnie-oceane.fr\/\" target=\"_blank\">Compagnie Oc\u00e9ane<\/a> : 0 820 056 156 \n<\/br><a href=\"\/en\/www.escalouest.com\/\" target=\"_blank\">Escal'Ouest<\/a> Tel 02 97 65 52 52\n<\/br><a href=\"\/en\/www.laita.croisieres.fr\/\" target=\"_blank\">Taxi boat Lomener<\/a> 06 50 75 39 90  <\/h3>\t\t\t\t<\/div>\n\t\t\t\t<\/div>\n\t\t\t\t<\/div>\n\t\t<div class=\"elementor-element elementor-element-058123f e-con-full e-flex e-con e-child\" data-id=\"058123f\" data-element_type=\"container\" data-e-type=\"container\" data-settings=\"{&quot;background_background&quot;:&quot;classic&quot;}\">\n\t\t\t\t<\/div>\n\t\t\t\t<\/div>\n\t\t<div class=\"elementor-element elementor-element-fe0ce05 e-con-full e-flex e-con e-child\" data-id=\"fe0ce05\" data-element_type=\"container\" data-e-type=\"container\">\n\t\t<div class=\"elementor-element elementor-element-99d54d6 e-con-full e-flex e-con e-child\" data-id=\"99d54d6\" data-element_type=\"container\" data-e-type=\"container\" data-settings=\"{&quot;background_background&quot;:&quot;classic&quot;}\">\n\t\t\t\t<div class=\"elementor-element elementor-element-268fd88 elementor-widget__width-initial elementor-widget elementor-widget-heading\" data-id=\"268fd88\" data-element_type=\"widget\" data-e-type=\"widget\" data-widget_type=\"heading.default\">\n\t\t\t\t<div class=\"elementor-widget-container\">\n\t\t\t\t\t<h2 class=\"elementor-heading-title elementor-size-default\">Services<\/h2>\t\t\t\t<\/div>\n\t\t\t\t<\/div>\n\t\t\t\t<div class=\"elementor-element elementor-element-fb9cfa8 elementor-widget__width-initial elementor-widget elementor-widget-heading\" data-id=\"fb9cfa8\" data-element_type=\"widget\" data-e-type=\"widget\" data-widget_type=\"heading.default\">\n\t\t\t\t<div class=\"elementor-widget-container\">\n\t\t\t\t\t<h3 class=\"elementor-heading-title elementor-size-default\">Parking Nayel (Lorient town centre) : Tel 0033 (0)2 97 21 62 31<\/h3>\t\t\t\t<\/div>\n\t\t\t\t<\/div>\n\t\t\t\t<div class=\"elementor-element elementor-element-fc19ca4 btn-maillage2 elementor-widget__width-initial elementor-mobile-align-center elementor-widget elementor-widget-button\" data-id=\"fc19ca4\" data-element_type=\"widget\" data-e-type=\"widget\" data-widget_type=\"button.default\">\n\t\t\t\t<div class=\"elementor-widget-container\">\n\t\t\t\t\t\t\t\t\t<div class=\"elementor-button-wrapper\">\n\t\t\t\t\t<a class=\"elementor-button elementor-button-link elementor-size-sm\" href=\"https:\/\/www.lorientbretagnesudtourisme.fr\/\" rel=\"nofollow noopener\" target=\"_blank\">\n\t\t\t\t\t\t<span class=\"elementor-button-content-wrapper\">\n\t\t\t\t\t\t<span class=\"elementor-button-icon\">\n\t\t\t\t<svg xmlns=\"http:\/\/www.w3.org\/2000\/svg\" width=\"14.134\" height=\"21.348\" viewbox=\"0 0 14.134 21.348\"><path d=\"M992.244,10173.632c-.254-.061-.531-.2-1.109-1.2a5.693,5.693,0,0,1-.58-1.285,19.37,19.37,0,0,0-1.334-1.511c-.722-.774-1.54-1.651-2.233-2.516-1.168-1.457-1.839-1.41-2.767-1.347l-.105.008a23.683,23.683,0,0,0-4.233,2.751,33.153,33.153,0,0,0-3.886,3.176,7.872,7.872,0,0,1-1.9,1.818l-.835-1.246a6.31,6.31,0,0,0,1.488-1.4,34.934,34.934,0,0,1,4.328-3.612c3.949-2.914,4.677-2.962,4.916-2.978l.125-.009c1.062-.072,2.382-.164,4.041,1.905.657.819,1.456,1.676,2.16,2.431,1.261,1.352,1.635,1.769,1.7,2.208a6.236,6.236,0,0,0,.828,1.479.574.574,0,0,0-.256-.127Z\" transform=\"matrix(0.259, 0.966, -0.966, 0.259, 9575.075, -3570.797)\" fill=\"#a67a12\"><\/path><\/svg>\t\t\t<\/span>\n\t\t\t\t\t\t\t\t\t<span class=\"elementor-button-text\">Go to page<\/span>\n\t\t\t\t\t<\/span>\n\t\t\t\t\t<\/a>\n\t\t\t\t<\/div>\n\t\t\t\t\t\t\t\t<\/div>\n\t\t\t\t<\/div>\n\t\t\t\t<\/div>\n\t\t<div class=\"elementor-element elementor-element-e481b1c e-con-full e-flex e-con e-child\" data-id=\"e481b1c\" data-element_type=\"container\" data-e-type=\"container\" data-settings=\"{&quot;background_background&quot;:&quot;classic&quot;}\">\n\t\t\t\t<\/div>\n\t\t\t\t<\/div>\n\t\t<div class=\"elementor-element elementor-element-8c26c76 e-con-full e-flex e-con e-child\" data-id=\"8c26c76\" data-element_type=\"container\" data-e-type=\"container\">\n\t\t<div class=\"elementor-element elementor-element-89d851b e-con-full e-flex e-con e-child\" data-id=\"89d851b\" data-element_type=\"container\" data-e-type=\"container\" data-settings=\"{&quot;background_background&quot;:&quot;classic&quot;}\">\n\t\t\t\t<div class=\"elementor-element elementor-element-f26a0be elementor-widget__width-initial elementor-widget elementor-widget-heading\" data-id=\"f26a0be\" data-element_type=\"widget\" data-e-type=\"widget\" data-widget_type=\"heading.default\">\n\t\t\t\t<div class=\"elementor-widget-container\">\n\t\t\t\t\t<h2 class=\"elementor-heading-title elementor-size-default\">Bike\/scooter hire\n<\/h2>\t\t\t\t<\/div>\n\t\t\t\t<\/div>\n\t\t\t\t<div class=\"elementor-element elementor-element-73f0d01 elementor-widget__width-initial elementor-widget elementor-widget-heading\" data-id=\"73f0d01\" data-element_type=\"widget\" data-e-type=\"widget\" data-widget_type=\"heading.default\">\n\t\t\t\t<div class=\"elementor-widget-container\">\n\t\t\t\t\t<h3 class=\"elementor-heading-title elementor-size-default\">Coconut location : 02.97.86.81.57 <\/h3>\t\t\t\t<\/div>\n\t\t\t\t<\/div>\n\t\t\t\t<div class=\"elementor-element elementor-element-f33822e btn-maillage2 elementor-widget__width-initial elementor-mobile-align-center elementor-widget elementor-widget-button\" data-id=\"f33822e\" data-element_type=\"widget\" data-e-type=\"widget\" data-widget_type=\"button.default\">\n\t\t\t\t<div class=\"elementor-widget-container\">\n\t\t\t\t\t\t\t\t\t<div class=\"elementor-button-wrapper\">\n\t\t\t\t\t<a class=\"elementor-button elementor-button-link elementor-size-sm\" href=\"https:\/\/www.coconutslocationgroix.com\" rel=\"nofollow noopener\" target=\"_blank\">\n\t\t\t\t\t\t<span class=\"elementor-button-content-wrapper\">\n\t\t\t\t\t\t<span class=\"elementor-button-icon\">\n\t\t\t\t<svg xmlns=\"http:\/\/www.w3.org\/2000\/svg\" width=\"14.134\" height=\"21.348\" viewbox=\"0 0 14.134 21.348\"><path d=\"M992.244,10173.632c-.254-.061-.531-.2-1.109-1.2a5.693,5.693,0,0,1-.58-1.285,19.37,19.37,0,0,0-1.334-1.511c-.722-.774-1.54-1.651-2.233-2.516-1.168-1.457-1.839-1.41-2.767-1.347l-.105.008a23.683,23.683,0,0,0-4.233,2.751,33.153,33.153,0,0,0-3.886,3.176,7.872,7.872,0,0,1-1.9,1.818l-.835-1.246a6.31,6.31,0,0,0,1.488-1.4,34.934,34.934,0,0,1,4.328-3.612c3.949-2.914,4.677-2.962,4.916-2.978l.125-.009c1.062-.072,2.382-.164,4.041,1.905.657.819,1.456,1.676,2.16,2.431,1.261,1.352,1.635,1.769,1.7,2.208a6.236,6.236,0,0,0,.828,1.479.574.574,0,0,0-.256-.127Z\" transform=\"matrix(0.259, 0.966, -0.966, 0.259, 9575.075, -3570.797)\" fill=\"#a67a12\"><\/path><\/svg>\t\t\t<\/span>\n\t\t\t\t\t\t\t\t\t<span class=\"elementor-button-text\">Go to page<\/span>\n\t\t\t\t\t<\/span>\n\t\t\t\t\t<\/a>\n\t\t\t\t<\/div>\n\t\t\t\t\t\t\t\t<\/div>\n\t\t\t\t<\/div>\n\t\t\t\t<\/div>\n\t\t<div class=\"elementor-element elementor-element-643a53c e-con-full e-flex e-con e-child\" data-id=\"643a53c\" data-element_type=\"container\" data-e-type=\"container\" data-settings=\"{&quot;background_background&quot;:&quot;classic&quot;}\">\n\t\t\t\t<\/div>\n\t\t\t\t<\/div>\n\t\t<div class=\"elementor-element elementor-element-df532a7 e-con-full e-flex e-con e-child\" data-id=\"df532a7\" data-element_type=\"container\" data-e-type=\"container\">\n\t\t<div class=\"elementor-element elementor-element-e0d3594 e-con-full e-flex e-con e-child\" data-id=\"e0d3594\" data-element_type=\"container\" data-e-type=\"container\" data-settings=\"{&quot;background_background&quot;:&quot;classic&quot;}\">\n\t\t\t\t<div class=\"elementor-element elementor-element-8bfbb36 elementor-widget__width-initial elementor-widget elementor-widget-heading\" data-id=\"8bfbb36\" data-element_type=\"widget\" data-e-type=\"widget\" data-widget_type=\"heading.default\">\n\t\t\t\t<div class=\"elementor-widget-container\">\n\t\t\t\t\t<h2 class=\"elementor-heading-title elementor-size-default\">Specialities<\/h2>\t\t\t\t<\/div>\n\t\t\t\t<\/div>\n\t\t\t\t<div class=\"elementor-element elementor-element-d5e04f7 elementor-widget__width-initial elementor-widget elementor-widget-heading\" data-id=\"d5e04f7\" data-element_type=\"widget\" data-e-type=\"widget\" data-widget_type=\"heading.default\">\n\t\t\t\t<div class=\"elementor-widget-container\">\n\t\t\t\t\t<h3 class=\"elementor-heading-title elementor-size-default\"><a href=\"\/en\/www.groix-et-nature.com\/\" target=\"_blank\">Groix &amp; Nature<\/a>\n<\/br><a href=\"\/en\/www.tidudibreizh.fr\/\" target=\"_blank\">Biscuits TI Dudi Breizh<\/a> Tel : 02 97 86 56 39\n<\/br><a href=\"\/en\/www.groixhaliotis.com\/\" target=\"_blank\">Haliotis<\/a> (visit the fishponds and abalone farm): tel 02 97 86 81 35\n<\/br>Aroma Iberico, Catalan delicatessen: Le Bourg, place de l'Eglise \n<\/br><a href=\"https:\/\/auxmillecouleursgroix.com\/\" target=\"_blank\" rel=\"nofollow noopener\">The shop of a thousand colours<\/a><\/h3>\t\t\t\t<\/div>\n\t\t\t\t<\/div>\n\t\t\t\t<\/div>\n\t\t<div class=\"elementor-element elementor-element-db80345 e-con-full e-flex e-con e-child\" data-id=\"db80345\" data-element_type=\"container\" data-e-type=\"container\" data-settings=\"{&quot;background_background&quot;:&quot;classic&quot;}\">\n\t\t\t\t<\/div>\n\t\t\t\t<\/div>\n\t\t<div class=\"elementor-element elementor-element-176b8d3 e-con-full e-flex e-con e-child\" data-id=\"176b8d3\" data-element_type=\"container\" data-e-type=\"container\">\n\t\t<div class=\"elementor-element elementor-element-58dcee3 e-con-full e-flex e-con e-child\" data-id=\"58dcee3\" data-element_type=\"container\" data-e-type=\"container\" data-settings=\"{&quot;background_background&quot;:&quot;classic&quot;}\">\n\t\t\t\t<div class=\"elementor-element elementor-element-aa4197c elementor-widget__width-initial elementor-widget elementor-widget-heading\" data-id=\"aa4197c\" data-element_type=\"widget\" data-e-type=\"widget\" data-widget_type=\"heading.default\">\n\t\t\t\t<div class=\"elementor-widget-container\">\n\t\t\t\t\t<h2 class=\"elementor-heading-title elementor-size-default\">Entertainment and Boutiques\n<\/h2>\t\t\t\t<\/div>\n\t\t\t\t<\/div>\n\t\t\t\t<div class=\"elementor-element elementor-element-a1ce7ca elementor-widget__width-initial elementor-widget elementor-widget-heading\" data-id=\"a1ce7ca\" data-element_type=\"widget\" data-e-type=\"widget\" data-widget_type=\"heading.default\">\n\t\t\t\t<div class=\"elementor-widget-container\">\n\t\t\t\t\t<h3 class=\"elementor-heading-title elementor-size-default\">Les Gar\u00e7ons du Port: 02 97 80 11 63 - lesgarconsduport@gmail.com \n<a href=\"https:\/\/www.facebook.com\/HEREMATO \" target=\"_blank\" rel=\"nofollow noopener\">https:\/\/www.facebook.com\/HEREMATO<\/a>\n<\/br><a href=\"https:\/\/parcabout.fr\" target=\"_blank\" rel=\"nofollow noopener\">Acrobatic adventure park<\/a>\n<\/br>Le man\u00e8ge de Groix: on the Place de l'Eglise from April to the end of September\n<\/br>No\u00eblette, boutique de d\u00e9coration, art de vivre et mode : Le Bourg\n<\/br>Belle Lurette, boutique de d\u00e9coration et mobilier : Le Bourg\n<\/br>La Brigantine, antiques shop : Le Bourg\n<\/br>L'\u00e9cume des jours, bookshop and tearoom : Le Bourg <\/h3>\t\t\t\t<\/div>\n\t\t\t\t<\/div>\n\t\t\t\t<\/div>\n\t\t<div class=\"elementor-element elementor-element-344027a e-con-full e-flex e-con e-child\" data-id=\"344027a\" data-element_type=\"container\" data-e-type=\"container\" data-settings=\"{&quot;background_background&quot;:&quot;classic&quot;}\">\n\t\t\t\t<\/div>\n\t\t\t\t<\/div>\n\t\t\t\t\t<\/div>\n\t\t\t\t<\/section>\n\t\t\t\t<\/div>","protected":false},"excerpt":{"rendered":"<p>Nos bonnesadresses TRANSPORT Air France : Roissy ou Orly\/Lorient (1h) \u2013 a\u00e9roport de Lann Bihou\u00e9 (\u00e0 20\u2019 de l\u2019embarcad\u00e8re) : 0 802 802 802 SNCF : Paris &#8211; Lorient TGV (3h30) : 08 08353 535 Voir la page Transport Maritime Ferries Compagnie Oc\u00e9ane : 0 820 056 156 Escal\u2019Ouest : Tel 02 97 65 52 [&hellip;]<\/p>\n","protected":false},"author":4,"featured_media":0,"parent":0,"menu_order":0,"comment_status":"closed","ping_status":"closed","template":"","meta":{"inline_featured_image":false,"footnotes":""},"class_list":["post-85","page","type-page","status-publish","hentry"],"_links":{"self":[{"href":"https:\/\/www.tymad.com\/en\/wp-json\/wp\/v2\/pages\/85","targetHints":{"allow":["GET"]}}],"collection":[{"href":"https:\/\/www.tymad.com\/en\/wp-json\/wp\/v2\/pages"}],"about":[{"href":"https:\/\/www.tymad.com\/en\/wp-json\/wp\/v2\/types\/page"}],"author":[{"embeddable":true,"href":"https:\/\/www.tymad.com\/en\/wp-json\/wp\/v2\/users\/4"}],"replies":[{"embeddable":true,"href":"https:\/\/www.tymad.com\/en\/wp-json\/wp\/v2\/comments?post=85"}],"version-history":[{"count":43,"href":"https:\/\/www.tymad.com\/en\/wp-json\/wp\/v2\/pages\/85\/revisions"}],"predecessor-version":[{"id":3069,"href":"https:\/\/www.tymad.com\/en\/wp-json\/wp\/v2\/pages\/85\/revisions\/3069"}],"wp:attachment":[{"href":"https:\/\/www.tymad.com\/en\/wp-json\/wp\/v2\/media?parent=85"}],"curies":[{"name":"wp","href":"https:\/\/api.w.org\/{rel}","templated":true}]}}