{"id":1451,"date":"2023-11-22T17:51:23","date_gmt":"2023-11-22T16:51:23","guid":{"rendered":"https:\/\/www.tymad.com\/?page_id=1451"},"modified":"2025-09-22T15:42:09","modified_gmt":"2025-09-22T13:42:09","slug":"study-day","status":"publish","type":"page","link":"https:\/\/www.tymad.com\/en\/seminaires-business-hotel-seminaire-morbihan\/journee-detudes\/","title":{"rendered":"Study day"},"content":{"rendered":"<div data-elementor-type=\"wp-page\" data-elementor-id=\"1451\" class=\"elementor elementor-1451\" data-elementor-post-type=\"page\">\n\t\t\t\t<section class=\"elementor-element elementor-element-e0e98d9 e-con-full e-flex e-con e-parent\" data-id=\"e0e98d9\" data-element_type=\"container\" data-e-type=\"container\" data-settings=\"{&quot;background_background&quot;:&quot;classic&quot;}\">\n\t\t\t\t<div class=\"elementor-element elementor-element-b5e3992 elementor-widget elementor-widget-heading\" data-id=\"b5e3992\" data-element_type=\"widget\" data-e-type=\"widget\" data-widget_type=\"heading.default\">\n\t\t\t\t<div class=\"elementor-widget-container\">\n\t\t\t\t\t<h1 class=\"elementor-heading-title elementor-size-default\">Day<br \/>study<\/h1>\t\t\t\t<\/div>\n\t\t\t\t<\/div>\n\t\t\t\t<div class=\"elementor-element elementor-element-98f6eb7 elementor-widget__width-initial anim-left1 elementor-widget elementor-widget-heading\" data-id=\"98f6eb7\" data-element_type=\"widget\" data-e-type=\"widget\" data-widget_type=\"heading.default\">\n\t\t\t\t<div class=\"elementor-widget-container\">\n\t\t\t\t\t<h1 class=\"elementor-heading-title elementor-size-default\">Charming hotel on the island of Groix<\/h1>\t\t\t\t<\/div>\n\t\t\t\t<\/div>\n\t\t\t\t<\/section>\n\t\t<div class=\"elementor-element elementor-element-ab5a363 e-flex e-con-boxed e-con e-parent\" data-id=\"ab5a363\" data-element_type=\"container\" data-e-type=\"container\" data-settings=\"{&quot;background_background&quot;:&quot;classic&quot;}\">\n\t\t\t\t\t<div class=\"e-con-inner\">\n\t\t\t\t\t<\/div>\n\t\t\t\t<\/div>\n\t\t<section class=\"elementor-element elementor-element-80b1108 e-con-full e-flex e-con e-parent\" data-id=\"80b1108\" data-element_type=\"container\" data-e-type=\"container\" data-settings=\"{&quot;background_background&quot;:&quot;classic&quot;}\">\n\t\t<div class=\"elementor-element elementor-element-8806dda e-con-full e-flex e-con e-child\" data-id=\"8806dda\" data-element_type=\"container\" data-e-type=\"container\" data-settings=\"{&quot;background_background&quot;:&quot;classic&quot;,&quot;position&quot;:&quot;absolute&quot;}\">\n\t\t\t\t<\/div>\n\t\t<div class=\"elementor-element elementor-element-450a13f e-con-full e-flex e-con e-child\" data-id=\"450a13f\" data-element_type=\"container\" data-e-type=\"container\" data-settings=\"{&quot;background_background&quot;:&quot;classic&quot;}\">\n\t\t<div class=\"elementor-element elementor-element-8974d34 e-con-full e-flex e-con e-child\" data-id=\"8974d34\" data-element_type=\"container\" data-e-type=\"container\" data-settings=\"{&quot;background_background&quot;:&quot;classic&quot;}\">\n\t\t\t\t<div class=\"elementor-element elementor-element-b1fdd28 elementor-widget__width-initial elementor-widget elementor-widget-heading\" data-id=\"b1fdd28\" data-element_type=\"widget\" data-e-type=\"widget\" data-widget_type=\"heading.default\">\n\t\t\t\t<div class=\"elementor-widget-container\">\n\t\t\t\t\t<h2 class=\"elementor-heading-title elementor-size-default\">Day<br \/> studies<\/h2>\t\t\t\t<\/div>\n\t\t\t\t<\/div>\n\t\t\t\t<div class=\"elementor-element elementor-element-8bb2f53 elementor-widget__width-initial anim-left1 elementor-widget elementor-widget-heading\" data-id=\"8bb2f53\" data-element_type=\"widget\" data-e-type=\"widget\" data-widget_type=\"heading.default\">\n\t\t\t\t<div class=\"elementor-widget-container\">\n\t\t\t\t\t<h3 class=\"elementor-heading-title elementor-size-default\">In our charming hotel on the island of Groix<\/h3>\t\t\t\t<\/div>\n\t\t\t\t<\/div>\n\t\t\t\t<div class=\"elementor-element elementor-element-5a4fa80 elementor-widget__width-initial anim-left2 elementor-widget elementor-widget-text-editor\" data-id=\"5a4fa80\" data-element_type=\"widget\" data-e-type=\"widget\" data-widget_type=\"text-editor.default\">\n\t\t\t\t<div class=\"elementor-widget-container\">\n\t\t\t\t\t\t\t\t\t<p>For a more occasional event, take advantage of our hotel's facilities for quiet reflection. Organise your day as you wish, between training and meetings.<br \/>Take advantage of our 50m\u00b2 meeting room, fully equipped with the latest technology. Screen, Wifi, video projector, flipchart and stationery are available for you and your colleagues.<br \/>Our staff will also be on hand to help and guide you throughout the day. We'll make sure you and your staff feel at home on the day.<\/p>\t\t\t\t\t\t\t\t<\/div>\n\t\t\t\t<\/div>\n\t\t\t\t<div class=\"elementor-element elementor-element-486ab8e elementor-widget elementor-widget-button\" data-id=\"486ab8e\" data-element_type=\"widget\" data-e-type=\"widget\" data-widget_type=\"button.default\">\n\t\t\t\t<div class=\"elementor-widget-container\">\n\t\t\t\t\t\t\t\t\t<div class=\"elementor-button-wrapper\">\n\t\t\t\t\t<a class=\"elementor-button elementor-button-link elementor-size-sm\" href=\"tel:+330297868019\">\n\t\t\t\t\t\t<span class=\"elementor-button-content-wrapper\">\n\t\t\t\t\t\t\t\t\t<span class=\"elementor-button-text\">+33 (0)2 97 86 80 19<\/span>\n\t\t\t\t\t<\/span>\n\t\t\t\t\t<\/a>\n\t\t\t\t<\/div>\n\t\t\t\t\t\t\t\t<\/div>\n\t\t\t\t<\/div>\n\t\t\t\t<div class=\"elementor-element elementor-element-7d3d212 btn-maillage2 elementor-widget elementor-widget-button\" data-id=\"7d3d212\" data-element_type=\"widget\" data-e-type=\"widget\" data-widget_type=\"button.default\">\n\t\t\t\t<div class=\"elementor-widget-container\">\n\t\t\t\t\t\t\t\t\t<div class=\"elementor-button-wrapper\">\n\t\t\t\t\t<a class=\"elementor-button elementor-button-link elementor-size-sm\" href=\"https:\/\/www.tymad.com\/en\/acces-contact\/#contact\">\n\t\t\t\t\t\t<span class=\"elementor-button-content-wrapper\">\n\t\t\t\t\t\t<span class=\"elementor-button-icon\">\n\t\t\t\t<svg xmlns=\"http:\/\/www.w3.org\/2000\/svg\" width=\"14.134\" height=\"21.348\" viewbox=\"0 0 14.134 21.348\"><path d=\"M992.244,10173.632c-.254-.061-.531-.2-1.109-1.2a5.693,5.693,0,0,1-.58-1.285,19.37,19.37,0,0,0-1.334-1.511c-.722-.774-1.54-1.651-2.233-2.516-1.168-1.457-1.839-1.41-2.767-1.347l-.105.008a23.683,23.683,0,0,0-4.233,2.751,33.153,33.153,0,0,0-3.886,3.176,7.872,7.872,0,0,1-1.9,1.818l-.835-1.246a6.31,6.31,0,0,0,1.488-1.4,34.934,34.934,0,0,1,4.328-3.612c3.949-2.914,4.677-2.962,4.916-2.978l.125-.009c1.062-.072,2.382-.164,4.041,1.905.657.819,1.456,1.676,2.16,2.431,1.261,1.352,1.635,1.769,1.7,2.208a6.236,6.236,0,0,0,.828,1.479.574.574,0,0,0-.256-.127Z\" transform=\"matrix(0.259, 0.966, -0.966, 0.259, 9575.075, -3570.797)\" fill=\"#a67a12\"><\/path><\/svg>\t\t\t<\/span>\n\t\t\t\t\t\t\t\t\t<span class=\"elementor-button-text\">Contact us<\/span>\n\t\t\t\t\t<\/span>\n\t\t\t\t\t<\/a>\n\t\t\t\t<\/div>\n\t\t\t\t\t\t\t\t<\/div>\n\t\t\t\t<\/div>\n\t\t\t\t<\/div>\n\t\t\t\t<\/div>\n\t\t\t\t<\/section>\n\t\t<section class=\"elementor-element elementor-element-f388446 e-flex e-con-boxed e-con e-parent\" data-id=\"f388446\" data-element_type=\"container\" data-e-type=\"container\" data-settings=\"{&quot;background_background&quot;:&quot;classic&quot;}\">\n\t\t\t\t\t<div class=\"e-con-inner\">\n\t\t\t\t<div class=\"elementor-element elementor-element-f8a5f1a elementor-widget elementor-widget-image\" data-id=\"f8a5f1a\" data-element_type=\"widget\" data-e-type=\"widget\" data-widget_type=\"image.default\">\n\t\t\t\t<div class=\"elementor-widget-container\">\n\t\t\t\t\t\t\t\t\t\t\t\t\t\t\t<img loading=\"lazy\" decoding=\"async\" width=\"129\" height=\"126\" src=\"https:\/\/www.tymad.com\/wp-content\/uploads\/2023\/11\/fond-coquillage.svg\" class=\"attachment-full size-full wp-image-344\" alt=\"\" title=\"\">\t\t\t\t\t\t\t\t\t\t\t\t\t\t\t<\/div>\n\t\t\t\t<\/div>\n\t\t\t\t<div class=\"elementor-element elementor-element-57441ab elementor-widget elementor-widget-image\" data-id=\"57441ab\" data-element_type=\"widget\" data-e-type=\"widget\" data-widget_type=\"image.default\">\n\t\t\t\t<div class=\"elementor-widget-container\">\n\t\t\t\t\t\t\t\t\t\t\t\t\t\t\t<img loading=\"lazy\" decoding=\"async\" width=\"69\" height=\"78\" src=\"https:\/\/www.tymad.com\/wp-content\/uploads\/2023\/11\/coquillage.svg\" class=\"attachment-full size-full wp-image-343\" alt=\"\" title=\"\">\t\t\t\t\t\t\t\t\t\t\t\t\t\t\t<\/div>\n\t\t\t\t<\/div>\n\t\t\t\t\t<\/div>\n\t\t\t\t<\/section>\n\t\t<section class=\"elementor-element elementor-element-22d1203 section-maillage e-flex e-con-boxed e-con e-parent\" data-id=\"22d1203\" data-element_type=\"container\" data-e-type=\"container\">\n\t\t\t\t\t<div class=\"e-con-inner\">\n\t\t<article class=\"elementor-element elementor-element-911be5a e-con-full e-flex e-con e-child\" data-id=\"911be5a\" data-element_type=\"container\" data-e-type=\"container\">\n\t\t\t\t<div class=\"elementor-element elementor-element-6f3269b elementor-widget__width-inherit elementor-widget elementor-widget-image\" data-id=\"6f3269b\" data-element_type=\"widget\" data-e-type=\"widget\" data-widget_type=\"image.default\">\n\t\t\t\t<div class=\"elementor-widget-container\">\n\t\t\t\t\t\t\t\t\t\t\t\t\t\t\t<img loading=\"lazy\" decoding=\"async\" width=\"1920\" height=\"1280\" src=\"https:\/\/www.tymad.com\/wp-content\/uploads\/2023\/11\/TYMAD-tableau-cles.jpg\" class=\"attachment-full size-full wp-image-235\" alt=\"Ty Mad hotel room key board\" srcset=\"https:\/\/www.tymad.com\/wp-content\/uploads\/2023\/11\/TYMAD-tableau-cles.jpg 1920w, https:\/\/www.tymad.com\/wp-content\/uploads\/2023\/11\/TYMAD-tableau-cles-300x200.jpg 300w, https:\/\/www.tymad.com\/wp-content\/uploads\/2023\/11\/TYMAD-tableau-cles-1024x683.jpg 1024w, https:\/\/www.tymad.com\/wp-content\/uploads\/2023\/11\/TYMAD-tableau-cles-768x512.jpg 768w, https:\/\/www.tymad.com\/wp-content\/uploads\/2023\/11\/TYMAD-tableau-cles-1536x1024.jpg 1536w, https:\/\/www.tymad.com\/wp-content\/uploads\/2023\/11\/TYMAD-tableau-cles-18x12.jpg 18w\" sizes=\"auto, (max-width: 1920px) 100vw, 1920px\" title=\"\">\t\t\t\t\t\t\t\t\t\t\t\t\t\t\t<\/div>\n\t\t\t\t<\/div>\n\t\t<div class=\"elementor-element elementor-element-9d97dcc e-con-full content e-flex e-con e-child\" data-id=\"9d97dcc\" data-element_type=\"container\" data-e-type=\"container\" data-settings=\"{&quot;background_background&quot;:&quot;classic&quot;}\">\n\t\t\t\t<div class=\"elementor-element elementor-element-43126f6 elementor-widget__width-initial elementor-widget elementor-widget-heading\" data-id=\"43126f6\" data-element_type=\"widget\" data-e-type=\"widget\" data-widget_type=\"heading.default\">\n\t\t\t\t<div class=\"elementor-widget-container\">\n\t\t\t\t\t<h2 class=\"elementor-heading-title elementor-size-default\">Our lodges<\/h2>\t\t\t\t<\/div>\n\t\t\t\t<\/div>\n\t\t\t\t<div class=\"elementor-element elementor-element-ccb2602 elementor-widget__width-initial elementor-widget elementor-widget-heading\" data-id=\"ccb2602\" data-element_type=\"widget\" data-e-type=\"widget\" data-widget_type=\"heading.default\">\n\t\t\t\t<div class=\"elementor-widget-container\">\n\t\t\t\t\t<h3 class=\"elementor-heading-title elementor-size-default\">STAY IN OUR FLATS\n<\/h3>\t\t\t\t<\/div>\n\t\t\t\t<\/div>\n\t\t\t\t<div class=\"elementor-element elementor-element-83e7b21 btn-maillage2 elementor-widget elementor-widget-button\" data-id=\"83e7b21\" data-element_type=\"widget\" data-e-type=\"widget\" data-widget_type=\"button.default\">\n\t\t\t\t<div class=\"elementor-widget-container\">\n\t\t\t\t\t\t\t\t\t<div class=\"elementor-button-wrapper\">\n\t\t\t\t\t<a class=\"elementor-button elementor-button-link elementor-size-sm\" href=\"https:\/\/www.tymad.com\/en\/nos-lodges-ile-de-groix-hebergement\/\">\n\t\t\t\t\t\t<span class=\"elementor-button-content-wrapper\">\n\t\t\t\t\t\t<span class=\"elementor-button-icon\">\n\t\t\t\t<svg xmlns=\"http:\/\/www.w3.org\/2000\/svg\" width=\"14.134\" height=\"21.348\" viewbox=\"0 0 14.134 21.348\"><path d=\"M992.244,10173.632c-.254-.061-.531-.2-1.109-1.2a5.693,5.693,0,0,1-.58-1.285,19.37,19.37,0,0,0-1.334-1.511c-.722-.774-1.54-1.651-2.233-2.516-1.168-1.457-1.839-1.41-2.767-1.347l-.105.008a23.683,23.683,0,0,0-4.233,2.751,33.153,33.153,0,0,0-3.886,3.176,7.872,7.872,0,0,1-1.9,1.818l-.835-1.246a6.31,6.31,0,0,0,1.488-1.4,34.934,34.934,0,0,1,4.328-3.612c3.949-2.914,4.677-2.962,4.916-2.978l.125-.009c1.062-.072,2.382-.164,4.041,1.905.657.819,1.456,1.676,2.16,2.431,1.261,1.352,1.635,1.769,1.7,2.208a6.236,6.236,0,0,0,.828,1.479.574.574,0,0,0-.256-.127Z\" transform=\"matrix(0.259, 0.966, -0.966, 0.259, 9575.075, -3570.797)\" fill=\"#a67a12\"><\/path><\/svg>\t\t\t<\/span>\n\t\t\t\t\t\t\t\t\t<span class=\"elementor-button-text\">go to page<\/span>\n\t\t\t\t\t<\/span>\n\t\t\t\t\t<\/a>\n\t\t\t\t<\/div>\n\t\t\t\t\t\t\t\t<\/div>\n\t\t\t\t<\/div>\n\t\t\t\t<\/div>\n\t\t\t\t<\/article>\n\t\t<article class=\"elementor-element elementor-element-5eb3682 e-con-full e-flex e-con e-child\" data-id=\"5eb3682\" data-element_type=\"container\" data-e-type=\"container\">\n\t\t\t\t<div class=\"elementor-element elementor-element-5e6c5f0 elementor-widget__width-inherit elementor-widget elementor-widget-image\" data-id=\"5e6c5f0\" data-element_type=\"widget\" data-e-type=\"widget\" data-widget_type=\"image.default\">\n\t\t\t\t<div class=\"elementor-widget-container\">\n\t\t\t\t\t\t\t\t\t\t\t\t\t\t\t<img loading=\"lazy\" decoding=\"async\" width=\"1920\" height=\"1280\" src=\"https:\/\/www.tymad.com\/wp-content\/uploads\/2023\/11\/reservation-hotel-tymad-88168.jpg\" class=\"attachment-full size-full wp-image-98\" alt=\"The white fa\u00e7ade of the Ty Mad hotel overlooking Groix harbour\" srcset=\"https:\/\/www.tymad.com\/wp-content\/uploads\/2023\/11\/reservation-hotel-tymad-88168.jpg 1920w, https:\/\/www.tymad.com\/wp-content\/uploads\/2023\/11\/reservation-hotel-tymad-88168-300x200.jpg 300w, https:\/\/www.tymad.com\/wp-content\/uploads\/2023\/11\/reservation-hotel-tymad-88168-1024x683.jpg 1024w, https:\/\/www.tymad.com\/wp-content\/uploads\/2023\/11\/reservation-hotel-tymad-88168-768x512.jpg 768w, https:\/\/www.tymad.com\/wp-content\/uploads\/2023\/11\/reservation-hotel-tymad-88168-1536x1024.jpg 1536w, https:\/\/www.tymad.com\/wp-content\/uploads\/2023\/11\/reservation-hotel-tymad-88168-18x12.jpg 18w\" sizes=\"auto, (max-width: 1920px) 100vw, 1920px\" title=\"\">\t\t\t\t\t\t\t\t\t\t\t\t\t\t\t<\/div>\n\t\t\t\t<\/div>\n\t\t<div class=\"elementor-element elementor-element-e3191dc e-con-full content e-flex e-con e-child\" data-id=\"e3191dc\" data-element_type=\"container\" data-e-type=\"container\" data-settings=\"{&quot;background_background&quot;:&quot;classic&quot;}\">\n\t\t\t\t<div class=\"elementor-element elementor-element-bb116e0 elementor-widget__width-initial elementor-widget-mobile__width-inherit elementor-widget elementor-widget-heading\" data-id=\"bb116e0\" data-element_type=\"widget\" data-e-type=\"widget\" data-widget_type=\"heading.default\">\n\t\t\t\t<div class=\"elementor-widget-container\">\n\t\t\t\t\t<h2 class=\"elementor-heading-title elementor-size-default\">Our rooms<\/h2>\t\t\t\t<\/div>\n\t\t\t\t<\/div>\n\t\t\t\t<div class=\"elementor-element elementor-element-1756929 elementor-widget__width-initial elementor-widget elementor-widget-heading\" data-id=\"1756929\" data-element_type=\"widget\" data-e-type=\"widget\" data-widget_type=\"heading.default\">\n\t\t\t\t<div class=\"elementor-widget-container\">\n\t\t\t\t\t<h3 class=\"elementor-heading-title elementor-size-default\">HAVE A GOOD TIME IN ONE OF OUR ROOMS<\/h3>\t\t\t\t<\/div>\n\t\t\t\t<\/div>\n\t\t\t\t<div class=\"elementor-element elementor-element-c9116ac btn-maillage2 elementor-widget elementor-widget-button\" data-id=\"c9116ac\" data-element_type=\"widget\" data-e-type=\"widget\" data-widget_type=\"button.default\">\n\t\t\t\t<div class=\"elementor-widget-container\">\n\t\t\t\t\t\t\t\t\t<div class=\"elementor-button-wrapper\">\n\t\t\t\t\t<a class=\"elementor-button elementor-button-link elementor-size-sm\" href=\"https:\/\/www.tymad.com\/en\/nos-chambres-hotel-groix-port-tudy\/\">\n\t\t\t\t\t\t<span class=\"elementor-button-content-wrapper\">\n\t\t\t\t\t\t<span class=\"elementor-button-icon\">\n\t\t\t\t<svg xmlns=\"http:\/\/www.w3.org\/2000\/svg\" width=\"14.134\" height=\"21.348\" viewbox=\"0 0 14.134 21.348\"><path d=\"M992.244,10173.632c-.254-.061-.531-.2-1.109-1.2a5.693,5.693,0,0,1-.58-1.285,19.37,19.37,0,0,0-1.334-1.511c-.722-.774-1.54-1.651-2.233-2.516-1.168-1.457-1.839-1.41-2.767-1.347l-.105.008a23.683,23.683,0,0,0-4.233,2.751,33.153,33.153,0,0,0-3.886,3.176,7.872,7.872,0,0,1-1.9,1.818l-.835-1.246a6.31,6.31,0,0,0,1.488-1.4,34.934,34.934,0,0,1,4.328-3.612c3.949-2.914,4.677-2.962,4.916-2.978l.125-.009c1.062-.072,2.382-.164,4.041,1.905.657.819,1.456,1.676,2.16,2.431,1.261,1.352,1.635,1.769,1.7,2.208a6.236,6.236,0,0,0,.828,1.479.574.574,0,0,0-.256-.127Z\" transform=\"matrix(0.259, 0.966, -0.966, 0.259, 9575.075, -3570.797)\" fill=\"#a67a12\"><\/path><\/svg>\t\t\t<\/span>\n\t\t\t\t\t\t\t\t\t<span class=\"elementor-button-text\">go to page<\/span>\n\t\t\t\t\t<\/span>\n\t\t\t\t\t<\/a>\n\t\t\t\t<\/div>\n\t\t\t\t\t\t\t\t<\/div>\n\t\t\t\t<\/div>\n\t\t\t\t<\/div>\n\t\t\t\t<\/article>\n\t\t<article class=\"elementor-element elementor-element-e33ba67 e-con-full e-flex e-con e-child\" data-id=\"e33ba67\" data-element_type=\"container\" data-e-type=\"container\">\n\t\t\t\t<div class=\"elementor-element elementor-element-9d59fb6 elementor-widget__width-inherit elementor-widget elementor-widget-image\" data-id=\"9d59fb6\" data-element_type=\"widget\" data-e-type=\"widget\" data-widget_type=\"image.default\">\n\t\t\t\t<div class=\"elementor-widget-container\">\n\t\t\t\t\t\t\t\t\t\t\t\t\t\t\t<img loading=\"lazy\" decoding=\"async\" width=\"382\" height=\"601\" src=\"https:\/\/www.tymad.com\/wp-content\/uploads\/2023\/11\/06062023-517A0752.jpg\" class=\"attachment-full size-full wp-image-702\" alt=\"\" srcset=\"https:\/\/www.tymad.com\/wp-content\/uploads\/2023\/11\/06062023-517A0752.jpg 382w, https:\/\/www.tymad.com\/wp-content\/uploads\/2023\/11\/06062023-517A0752-191x300.jpg 191w, https:\/\/www.tymad.com\/wp-content\/uploads\/2023\/11\/06062023-517A0752-8x12.jpg 8w\" sizes=\"auto, (max-width: 382px) 100vw, 382px\" title=\"\">\t\t\t\t\t\t\t\t\t\t\t\t\t\t\t<\/div>\n\t\t\t\t<\/div>\n\t\t<div class=\"elementor-element elementor-element-60a08e3 e-con-full content e-flex e-con e-child\" data-id=\"60a08e3\" data-element_type=\"container\" data-e-type=\"container\" data-settings=\"{&quot;background_background&quot;:&quot;classic&quot;}\">\n\t\t\t\t<div class=\"elementor-element elementor-element-5a7c794 elementor-widget__width-initial elementor-widget elementor-widget-heading\" data-id=\"5a7c794\" data-element_type=\"widget\" data-e-type=\"widget\" data-widget_type=\"heading.default\">\n\t\t\t\t<div class=\"elementor-widget-container\">\n\t\t\t\t\t<h2 class=\"elementor-heading-title elementor-size-default\">Seminars<\/h2>\t\t\t\t<\/div>\n\t\t\t\t<\/div>\n\t\t\t\t<div class=\"elementor-element elementor-element-8426397 elementor-widget__width-initial elementor-widget elementor-widget-heading\" data-id=\"8426397\" data-element_type=\"widget\" data-e-type=\"widget\" data-widget_type=\"heading.default\">\n\t\t\t\t<div class=\"elementor-widget-container\">\n\t\t\t\t\t<h3 class=\"elementor-heading-title elementor-size-default\">ORGANISE YOUR BUSINESS EVENTS<\/h3>\t\t\t\t<\/div>\n\t\t\t\t<\/div>\n\t\t\t\t<div class=\"elementor-element elementor-element-cd75862 btn-maillage2 elementor-widget elementor-widget-button\" data-id=\"cd75862\" data-element_type=\"widget\" data-e-type=\"widget\" data-widget_type=\"button.default\">\n\t\t\t\t<div class=\"elementor-widget-container\">\n\t\t\t\t\t\t\t\t\t<div class=\"elementor-button-wrapper\">\n\t\t\t\t\t<a class=\"elementor-button elementor-button-link elementor-size-sm\" href=\"https:\/\/www.tymad.com\/en\/seminaires-business-hotel-seminaire-morbihan\/\">\n\t\t\t\t\t\t<span class=\"elementor-button-content-wrapper\">\n\t\t\t\t\t\t<span class=\"elementor-button-icon\">\n\t\t\t\t<svg xmlns=\"http:\/\/www.w3.org\/2000\/svg\" width=\"14.134\" height=\"21.348\" viewbox=\"0 0 14.134 21.348\"><path d=\"M992.244,10173.632c-.254-.061-.531-.2-1.109-1.2a5.693,5.693,0,0,1-.58-1.285,19.37,19.37,0,0,0-1.334-1.511c-.722-.774-1.54-1.651-2.233-2.516-1.168-1.457-1.839-1.41-2.767-1.347l-.105.008a23.683,23.683,0,0,0-4.233,2.751,33.153,33.153,0,0,0-3.886,3.176,7.872,7.872,0,0,1-1.9,1.818l-.835-1.246a6.31,6.31,0,0,0,1.488-1.4,34.934,34.934,0,0,1,4.328-3.612c3.949-2.914,4.677-2.962,4.916-2.978l.125-.009c1.062-.072,2.382-.164,4.041,1.905.657.819,1.456,1.676,2.16,2.431,1.261,1.352,1.635,1.769,1.7,2.208a6.236,6.236,0,0,0,.828,1.479.574.574,0,0,0-.256-.127Z\" transform=\"matrix(0.259, 0.966, -0.966, 0.259, 9575.075, -3570.797)\" fill=\"#a67a12\"><\/path><\/svg>\t\t\t<\/span>\n\t\t\t\t\t\t\t\t\t<span class=\"elementor-button-text\">go to page<\/span>\n\t\t\t\t\t<\/span>\n\t\t\t\t\t<\/a>\n\t\t\t\t<\/div>\n\t\t\t\t\t\t\t\t<\/div>\n\t\t\t\t<\/div>\n\t\t\t\t<\/div>\n\t\t\t\t<\/article>\n\t\t\t\t\t<\/div>\n\t\t\t\t<\/section>\n\t\t\t\t<\/div>","protected":false},"excerpt":{"rendered":"<p>Journ\u00e9ed&rsquo;\u00e9tude H\u00f4tel de charme sur \u00eele de Groix Journ\u00e9e d&rsquo;\u00e9tudes Dans notre h\u00f4tel de charme de l&rsquo;\u00eele de Groix Pour un \u00e9v\u00e9nement plus ponctuel, profitez des installations propices \u00e0 la r\u00e9flexion et au calme de notre h\u00f4tel. Organisez votre journ\u00e9e comme vous le souhaitez entre formation et r\u00e9unions.Profitez de notre salle de 50m\u00b2 enti\u00e8rement \u00e9quip\u00e9e [&hellip;]<\/p>\n","protected":false},"author":4,"featured_media":0,"parent":77,"menu_order":2,"comment_status":"closed","ping_status":"closed","template":"","meta":{"inline_featured_image":false,"footnotes":""},"class_list":["post-1451","page","type-page","status-publish","hentry"],"_links":{"self":[{"href":"https:\/\/www.tymad.com\/en\/wp-json\/wp\/v2\/pages\/1451","targetHints":{"allow":["GET"]}}],"collection":[{"href":"https:\/\/www.tymad.com\/en\/wp-json\/wp\/v2\/pages"}],"about":[{"href":"https:\/\/www.tymad.com\/en\/wp-json\/wp\/v2\/types\/page"}],"author":[{"embeddable":true,"href":"https:\/\/www.tymad.com\/en\/wp-json\/wp\/v2\/users\/4"}],"replies":[{"embeddable":true,"href":"https:\/\/www.tymad.com\/en\/wp-json\/wp\/v2\/comments?post=1451"}],"version-history":[{"count":49,"href":"https:\/\/www.tymad.com\/en\/wp-json\/wp\/v2\/pages\/1451\/revisions"}],"predecessor-version":[{"id":3774,"href":"https:\/\/www.tymad.com\/en\/wp-json\/wp\/v2\/pages\/1451\/revisions\/3774"}],"up":[{"embeddable":true,"href":"https:\/\/www.tymad.com\/en\/wp-json\/wp\/v2\/pages\/77"}],"wp:attachment":[{"href":"https:\/\/www.tymad.com\/en\/wp-json\/wp\/v2\/media?parent=1451"}],"curies":[{"name":"wp","href":"https:\/\/api.w.org\/{rel}","templated":true}]}}