{"id":1449,"date":"2023-11-22T17:50:39","date_gmt":"2023-11-22T16:50:39","guid":{"rendered":"https:\/\/www.tymad.com\/?page_id=1449"},"modified":"2025-09-22T15:42:00","modified_gmt":"2025-09-22T13:42:00","slug":"ile-de-groix-seminars","status":"publish","type":"page","link":"https:\/\/www.tymad.com\/en\/seminaires-business-hotel-seminaire-morbihan\/seminaires-seminaire-ile-de-groix\/","title":{"rendered":"Seminars"},"content":{"rendered":"<div data-elementor-type=\"wp-page\" data-elementor-id=\"1449\" class=\"elementor elementor-1449\" data-elementor-post-type=\"page\">\n\t\t\t\t<section class=\"elementor-element elementor-element-96706f6 e-con-full e-flex e-con e-parent\" data-id=\"96706f6\" data-element_type=\"container\" data-e-type=\"container\" data-settings=\"{&quot;background_background&quot;:&quot;classic&quot;}\">\n\t\t\t\t<div class=\"elementor-element elementor-element-b73eb96 elementor-widget elementor-widget-heading\" data-id=\"b73eb96\" data-element_type=\"widget\" data-e-type=\"widget\" data-widget_type=\"heading.default\">\n\t\t\t\t<div class=\"elementor-widget-container\">\n\t\t\t\t\t<span class=\"elementor-heading-title elementor-size-default\">Seminars<\/span>\t\t\t\t<\/div>\n\t\t\t\t<\/div>\n\t\t\t\t<div class=\"elementor-element elementor-element-cf9f67a elementor-widget__width-initial anim-left1 elementor-widget elementor-widget-heading\" data-id=\"cf9f67a\" data-element_type=\"widget\" data-e-type=\"widget\" data-widget_type=\"heading.default\">\n\t\t\t\t<div class=\"elementor-widget-container\">\n\t\t\t\t\t<h1 class=\"elementor-heading-title elementor-size-default\">your seminar on the island of Groix<\/h1>\t\t\t\t<\/div>\n\t\t\t\t<\/div>\n\t\t\t\t<\/section>\n\t\t<div class=\"elementor-element elementor-element-4be3cb5 e-flex e-con-boxed e-con e-parent\" data-id=\"4be3cb5\" data-element_type=\"container\" data-e-type=\"container\" data-settings=\"{&quot;background_background&quot;:&quot;classic&quot;}\">\n\t\t\t\t\t<div class=\"e-con-inner\">\n\t\t\t\t\t<\/div>\n\t\t\t\t<\/div>\n\t\t<section class=\"elementor-element elementor-element-3ffa6e8 e-con-full e-flex e-con e-parent\" data-id=\"3ffa6e8\" data-element_type=\"container\" data-e-type=\"container\" data-settings=\"{&quot;background_background&quot;:&quot;classic&quot;}\">\n\t\t<div class=\"elementor-element elementor-element-a0b9c35 e-con-full e-flex e-con e-child\" data-id=\"a0b9c35\" data-element_type=\"container\" data-e-type=\"container\" data-settings=\"{&quot;background_background&quot;:&quot;classic&quot;,&quot;position&quot;:&quot;absolute&quot;}\">\n\t\t\t\t<\/div>\n\t\t<div class=\"elementor-element elementor-element-6e993fe e-con-full e-flex e-con e-child\" data-id=\"6e993fe\" data-element_type=\"container\" data-e-type=\"container\" data-settings=\"{&quot;background_background&quot;:&quot;classic&quot;}\">\n\t\t<div class=\"elementor-element elementor-element-d0d9ae3 e-con-full e-flex e-con e-child\" data-id=\"d0d9ae3\" data-element_type=\"container\" data-e-type=\"container\" data-settings=\"{&quot;background_background&quot;:&quot;classic&quot;}\">\n\t\t\t\t<div class=\"elementor-element elementor-element-646161b elementor-widget__width-initial elementor-widget elementor-widget-heading\" data-id=\"646161b\" data-element_type=\"widget\" data-e-type=\"widget\" data-widget_type=\"heading.default\">\n\t\t\t\t<div class=\"elementor-widget-container\">\n\t\t\t\t\t<h2 class=\"elementor-heading-title elementor-size-default\">SEMINAR on the island of GROIX<\/h2>\t\t\t\t<\/div>\n\t\t\t\t<\/div>\n\t\t\t\t<div class=\"elementor-element elementor-element-aa97903 elementor-widget__width-initial anim-left1 elementor-widget elementor-widget-heading\" data-id=\"aa97903\" data-element_type=\"widget\" data-e-type=\"widget\" data-widget_type=\"heading.default\">\n\t\t\t\t<div class=\"elementor-widget-container\">\n\t\t\t\t\t<h3 class=\"elementor-heading-title elementor-size-default\">The setting and expertise of Ty Mad<\/h3>\t\t\t\t<\/div>\n\t\t\t\t<\/div>\n\t\t\t\t<div class=\"elementor-element elementor-element-d8c5382 elementor-widget__width-initial anim-left2 elementor-widget elementor-widget-text-editor\" data-id=\"d8c5382\" data-element_type=\"widget\" data-e-type=\"widget\" data-widget_type=\"text-editor.default\">\n\t\t\t\t<div class=\"elementor-widget-container\">\n\t\t\t\t\t\t\t\t\t<p>We are delighted to offer you the opportunity to hold your seminars, meetings, conferences and incentives in Groix at our hotel.<br \/>We can provide you with a 50 m\u00b2 meeting room that can comfortably accommodate up to 25 people, with all the equipment you need: flipchart, screen, WiFi and video projector. Find yourself in an invigorating and invigorating island setting in the heart of the Ile de Groix, where you can enjoy a wide range of sporting, leisure, culinary and cultural activities. The Ty Mad hotel is at your disposal to help you organise your stay with us.<\/p>\t\t\t\t\t\t\t\t<\/div>\n\t\t\t\t<\/div>\n\t\t\t\t<div class=\"elementor-element elementor-element-1db3ded elementor-widget elementor-widget-button\" data-id=\"1db3ded\" data-element_type=\"widget\" data-e-type=\"widget\" data-widget_type=\"button.default\">\n\t\t\t\t<div class=\"elementor-widget-container\">\n\t\t\t\t\t\t\t\t\t<div class=\"elementor-button-wrapper\">\n\t\t\t\t\t<a class=\"elementor-button elementor-button-link elementor-size-sm\" href=\"tel:+330297868019\">\n\t\t\t\t\t\t<span class=\"elementor-button-content-wrapper\">\n\t\t\t\t\t\t\t\t\t<span class=\"elementor-button-text\">+33 (0)2 97 86 80 19<\/span>\n\t\t\t\t\t<\/span>\n\t\t\t\t\t<\/a>\n\t\t\t\t<\/div>\n\t\t\t\t\t\t\t\t<\/div>\n\t\t\t\t<\/div>\n\t\t\t\t<div class=\"elementor-element elementor-element-6ca60d5 btn-maillage2 elementor-widget elementor-widget-button\" data-id=\"6ca60d5\" data-element_type=\"widget\" data-e-type=\"widget\" data-widget_type=\"button.default\">\n\t\t\t\t<div class=\"elementor-widget-container\">\n\t\t\t\t\t\t\t\t\t<div class=\"elementor-button-wrapper\">\n\t\t\t\t\t<a class=\"elementor-button elementor-button-link elementor-size-sm\" href=\"https:\/\/www.tymad.com\/en\/acces-contact\/#contact\">\n\t\t\t\t\t\t<span class=\"elementor-button-content-wrapper\">\n\t\t\t\t\t\t<span class=\"elementor-button-icon\">\n\t\t\t\t<svg xmlns=\"http:\/\/www.w3.org\/2000\/svg\" width=\"14.134\" height=\"21.348\" viewbox=\"0 0 14.134 21.348\"><path d=\"M992.244,10173.632c-.254-.061-.531-.2-1.109-1.2a5.693,5.693,0,0,1-.58-1.285,19.37,19.37,0,0,0-1.334-1.511c-.722-.774-1.54-1.651-2.233-2.516-1.168-1.457-1.839-1.41-2.767-1.347l-.105.008a23.683,23.683,0,0,0-4.233,2.751,33.153,33.153,0,0,0-3.886,3.176,7.872,7.872,0,0,1-1.9,1.818l-.835-1.246a6.31,6.31,0,0,0,1.488-1.4,34.934,34.934,0,0,1,4.328-3.612c3.949-2.914,4.677-2.962,4.916-2.978l.125-.009c1.062-.072,2.382-.164,4.041,1.905.657.819,1.456,1.676,2.16,2.431,1.261,1.352,1.635,1.769,1.7,2.208a6.236,6.236,0,0,0,.828,1.479.574.574,0,0,0-.256-.127Z\" transform=\"matrix(0.259, 0.966, -0.966, 0.259, 9575.075, -3570.797)\" fill=\"#a67a12\"><\/path><\/svg>\t\t\t<\/span>\n\t\t\t\t\t\t\t\t\t<span class=\"elementor-button-text\">Contact us<\/span>\n\t\t\t\t\t<\/span>\n\t\t\t\t\t<\/a>\n\t\t\t\t<\/div>\n\t\t\t\t\t\t\t\t<\/div>\n\t\t\t\t<\/div>\n\t\t\t\t<\/div>\n\t\t\t\t<\/div>\n\t\t\t\t<\/section>\n\t\t<section class=\"elementor-element elementor-element-747ac1c e-flex e-con-boxed e-con e-parent\" data-id=\"747ac1c\" data-element_type=\"container\" data-e-type=\"container\" data-settings=\"{&quot;background_background&quot;:&quot;classic&quot;}\">\n\t\t\t\t\t<div class=\"e-con-inner\">\n\t\t\t\t<div class=\"elementor-element elementor-element-239c4f5 elementor-widget elementor-widget-image\" data-id=\"239c4f5\" data-element_type=\"widget\" data-e-type=\"widget\" data-widget_type=\"image.default\">\n\t\t\t\t<div class=\"elementor-widget-container\">\n\t\t\t\t\t\t\t\t\t\t\t\t\t\t\t<img loading=\"lazy\" decoding=\"async\" width=\"129\" height=\"126\" src=\"https:\/\/www.tymad.com\/wp-content\/uploads\/2023\/11\/fond-coquillage.svg\" class=\"attachment-full size-full wp-image-344\" alt=\"\" title=\"\">\t\t\t\t\t\t\t\t\t\t\t\t\t\t\t<\/div>\n\t\t\t\t<\/div>\n\t\t\t\t<div class=\"elementor-element elementor-element-8b007bb elementor-widget elementor-widget-image\" data-id=\"8b007bb\" data-element_type=\"widget\" data-e-type=\"widget\" data-widget_type=\"image.default\">\n\t\t\t\t<div class=\"elementor-widget-container\">\n\t\t\t\t\t\t\t\t\t\t\t\t\t\t\t<img loading=\"lazy\" decoding=\"async\" width=\"69\" height=\"78\" src=\"https:\/\/www.tymad.com\/wp-content\/uploads\/2023\/11\/coquillage.svg\" class=\"attachment-full size-full wp-image-343\" alt=\"\" title=\"\">\t\t\t\t\t\t\t\t\t\t\t\t\t\t\t<\/div>\n\t\t\t\t<\/div>\n\t\t\t\t\t<\/div>\n\t\t\t\t<\/section>\n\t\t<section class=\"elementor-element elementor-element-34529ac section-maillage e-flex e-con-boxed e-con e-parent\" data-id=\"34529ac\" data-element_type=\"container\" data-e-type=\"container\">\n\t\t\t\t\t<div class=\"e-con-inner\">\n\t\t<article class=\"elementor-element elementor-element-7540369 e-con-full e-flex e-con e-child\" data-id=\"7540369\" data-element_type=\"container\" data-e-type=\"container\">\n\t\t\t\t<div class=\"elementor-element elementor-element-f85b777 elementor-widget__width-inherit elementor-widget elementor-widget-image\" data-id=\"f85b777\" data-element_type=\"widget\" data-e-type=\"widget\" data-widget_type=\"image.default\">\n\t\t\t\t<div class=\"elementor-widget-container\">\n\t\t\t\t\t\t\t\t\t\t\t\t\t\t\t<img loading=\"lazy\" decoding=\"async\" width=\"1920\" height=\"1280\" src=\"https:\/\/www.tymad.com\/wp-content\/uploads\/2023\/11\/TYMAD-tableau-cles.jpg\" class=\"attachment-full size-full wp-image-235\" alt=\"Ty Mad hotel room key board\" srcset=\"https:\/\/www.tymad.com\/wp-content\/uploads\/2023\/11\/TYMAD-tableau-cles.jpg 1920w, https:\/\/www.tymad.com\/wp-content\/uploads\/2023\/11\/TYMAD-tableau-cles-300x200.jpg 300w, https:\/\/www.tymad.com\/wp-content\/uploads\/2023\/11\/TYMAD-tableau-cles-1024x683.jpg 1024w, https:\/\/www.tymad.com\/wp-content\/uploads\/2023\/11\/TYMAD-tableau-cles-768x512.jpg 768w, https:\/\/www.tymad.com\/wp-content\/uploads\/2023\/11\/TYMAD-tableau-cles-1536x1024.jpg 1536w, https:\/\/www.tymad.com\/wp-content\/uploads\/2023\/11\/TYMAD-tableau-cles-18x12.jpg 18w\" sizes=\"auto, (max-width: 1920px) 100vw, 1920px\" title=\"\">\t\t\t\t\t\t\t\t\t\t\t\t\t\t\t<\/div>\n\t\t\t\t<\/div>\n\t\t<div class=\"elementor-element elementor-element-398f876 e-con-full content e-flex e-con e-child\" data-id=\"398f876\" data-element_type=\"container\" data-e-type=\"container\" data-settings=\"{&quot;background_background&quot;:&quot;classic&quot;}\">\n\t\t\t\t<div class=\"elementor-element elementor-element-fe8ea47 elementor-widget__width-initial elementor-widget elementor-widget-heading\" data-id=\"fe8ea47\" data-element_type=\"widget\" data-e-type=\"widget\" data-widget_type=\"heading.default\">\n\t\t\t\t<div class=\"elementor-widget-container\">\n\t\t\t\t\t<h2 class=\"elementor-heading-title elementor-size-default\">Our lodges<\/h2>\t\t\t\t<\/div>\n\t\t\t\t<\/div>\n\t\t\t\t<div class=\"elementor-element elementor-element-9bf08ab elementor-widget__width-initial elementor-widget elementor-widget-heading\" data-id=\"9bf08ab\" data-element_type=\"widget\" data-e-type=\"widget\" data-widget_type=\"heading.default\">\n\t\t\t\t<div class=\"elementor-widget-container\">\n\t\t\t\t\t<h3 class=\"elementor-heading-title elementor-size-default\">STAY IN OUR FLATS\n<\/h3>\t\t\t\t<\/div>\n\t\t\t\t<\/div>\n\t\t\t\t<div class=\"elementor-element elementor-element-7d20e43 btn-maillage2 elementor-widget elementor-widget-button\" data-id=\"7d20e43\" data-element_type=\"widget\" data-e-type=\"widget\" data-widget_type=\"button.default\">\n\t\t\t\t<div class=\"elementor-widget-container\">\n\t\t\t\t\t\t\t\t\t<div class=\"elementor-button-wrapper\">\n\t\t\t\t\t<a class=\"elementor-button elementor-button-link elementor-size-sm\" href=\"https:\/\/www.tymad.com\/en\/nos-lodges-ile-de-groix-hebergement\/\">\n\t\t\t\t\t\t<span class=\"elementor-button-content-wrapper\">\n\t\t\t\t\t\t<span class=\"elementor-button-icon\">\n\t\t\t\t<svg xmlns=\"http:\/\/www.w3.org\/2000\/svg\" width=\"14.134\" height=\"21.348\" viewbox=\"0 0 14.134 21.348\"><path d=\"M992.244,10173.632c-.254-.061-.531-.2-1.109-1.2a5.693,5.693,0,0,1-.58-1.285,19.37,19.37,0,0,0-1.334-1.511c-.722-.774-1.54-1.651-2.233-2.516-1.168-1.457-1.839-1.41-2.767-1.347l-.105.008a23.683,23.683,0,0,0-4.233,2.751,33.153,33.153,0,0,0-3.886,3.176,7.872,7.872,0,0,1-1.9,1.818l-.835-1.246a6.31,6.31,0,0,0,1.488-1.4,34.934,34.934,0,0,1,4.328-3.612c3.949-2.914,4.677-2.962,4.916-2.978l.125-.009c1.062-.072,2.382-.164,4.041,1.905.657.819,1.456,1.676,2.16,2.431,1.261,1.352,1.635,1.769,1.7,2.208a6.236,6.236,0,0,0,.828,1.479.574.574,0,0,0-.256-.127Z\" transform=\"matrix(0.259, 0.966, -0.966, 0.259, 9575.075, -3570.797)\" fill=\"#a67a12\"><\/path><\/svg>\t\t\t<\/span>\n\t\t\t\t\t\t\t\t\t<span class=\"elementor-button-text\">go to page<\/span>\n\t\t\t\t\t<\/span>\n\t\t\t\t\t<\/a>\n\t\t\t\t<\/div>\n\t\t\t\t\t\t\t\t<\/div>\n\t\t\t\t<\/div>\n\t\t\t\t<\/div>\n\t\t\t\t<\/article>\n\t\t<article class=\"elementor-element elementor-element-a6714c8 e-con-full e-flex e-con e-child\" data-id=\"a6714c8\" data-element_type=\"container\" data-e-type=\"container\">\n\t\t\t\t<div class=\"elementor-element elementor-element-89ab1da elementor-widget__width-inherit elementor-widget elementor-widget-image\" data-id=\"89ab1da\" data-element_type=\"widget\" data-e-type=\"widget\" data-widget_type=\"image.default\">\n\t\t\t\t<div class=\"elementor-widget-container\">\n\t\t\t\t\t\t\t\t\t\t\t\t\t\t\t<img loading=\"lazy\" decoding=\"async\" width=\"1920\" height=\"1280\" src=\"https:\/\/www.tymad.com\/wp-content\/uploads\/2023\/11\/reservation-hotel-tymad-88168.jpg\" class=\"attachment-full size-full wp-image-98\" alt=\"The white fa\u00e7ade of the Ty Mad hotel overlooking Groix harbour\" srcset=\"https:\/\/www.tymad.com\/wp-content\/uploads\/2023\/11\/reservation-hotel-tymad-88168.jpg 1920w, https:\/\/www.tymad.com\/wp-content\/uploads\/2023\/11\/reservation-hotel-tymad-88168-300x200.jpg 300w, https:\/\/www.tymad.com\/wp-content\/uploads\/2023\/11\/reservation-hotel-tymad-88168-1024x683.jpg 1024w, https:\/\/www.tymad.com\/wp-content\/uploads\/2023\/11\/reservation-hotel-tymad-88168-768x512.jpg 768w, https:\/\/www.tymad.com\/wp-content\/uploads\/2023\/11\/reservation-hotel-tymad-88168-1536x1024.jpg 1536w, https:\/\/www.tymad.com\/wp-content\/uploads\/2023\/11\/reservation-hotel-tymad-88168-18x12.jpg 18w\" sizes=\"auto, (max-width: 1920px) 100vw, 1920px\" title=\"\">\t\t\t\t\t\t\t\t\t\t\t\t\t\t\t<\/div>\n\t\t\t\t<\/div>\n\t\t<div class=\"elementor-element elementor-element-5ff300e e-con-full content e-flex e-con e-child\" data-id=\"5ff300e\" data-element_type=\"container\" data-e-type=\"container\" data-settings=\"{&quot;background_background&quot;:&quot;classic&quot;}\">\n\t\t\t\t<div class=\"elementor-element elementor-element-faa4ae5 elementor-widget__width-initial elementor-widget-mobile__width-inherit elementor-widget elementor-widget-heading\" data-id=\"faa4ae5\" data-element_type=\"widget\" data-e-type=\"widget\" data-widget_type=\"heading.default\">\n\t\t\t\t<div class=\"elementor-widget-container\">\n\t\t\t\t\t<h2 class=\"elementor-heading-title elementor-size-default\">Our rooms<\/h2>\t\t\t\t<\/div>\n\t\t\t\t<\/div>\n\t\t\t\t<div class=\"elementor-element elementor-element-fd512cb elementor-widget__width-initial elementor-widget elementor-widget-heading\" data-id=\"fd512cb\" data-element_type=\"widget\" data-e-type=\"widget\" data-widget_type=\"heading.default\">\n\t\t\t\t<div class=\"elementor-widget-container\">\n\t\t\t\t\t<h3 class=\"elementor-heading-title elementor-size-default\">HAVE A GOOD TIME IN ONE OF OUR ROOMS<\/h3>\t\t\t\t<\/div>\n\t\t\t\t<\/div>\n\t\t\t\t<div class=\"elementor-element elementor-element-88f2271 btn-maillage2 elementor-widget elementor-widget-button\" data-id=\"88f2271\" data-element_type=\"widget\" data-e-type=\"widget\" data-widget_type=\"button.default\">\n\t\t\t\t<div class=\"elementor-widget-container\">\n\t\t\t\t\t\t\t\t\t<div class=\"elementor-button-wrapper\">\n\t\t\t\t\t<a class=\"elementor-button elementor-button-link elementor-size-sm\" href=\"https:\/\/www.tymad.com\/en\/nos-chambres-hotel-groix-port-tudy\/\">\n\t\t\t\t\t\t<span class=\"elementor-button-content-wrapper\">\n\t\t\t\t\t\t<span class=\"elementor-button-icon\">\n\t\t\t\t<svg xmlns=\"http:\/\/www.w3.org\/2000\/svg\" width=\"14.134\" height=\"21.348\" viewbox=\"0 0 14.134 21.348\"><path d=\"M992.244,10173.632c-.254-.061-.531-.2-1.109-1.2a5.693,5.693,0,0,1-.58-1.285,19.37,19.37,0,0,0-1.334-1.511c-.722-.774-1.54-1.651-2.233-2.516-1.168-1.457-1.839-1.41-2.767-1.347l-.105.008a23.683,23.683,0,0,0-4.233,2.751,33.153,33.153,0,0,0-3.886,3.176,7.872,7.872,0,0,1-1.9,1.818l-.835-1.246a6.31,6.31,0,0,0,1.488-1.4,34.934,34.934,0,0,1,4.328-3.612c3.949-2.914,4.677-2.962,4.916-2.978l.125-.009c1.062-.072,2.382-.164,4.041,1.905.657.819,1.456,1.676,2.16,2.431,1.261,1.352,1.635,1.769,1.7,2.208a6.236,6.236,0,0,0,.828,1.479.574.574,0,0,0-.256-.127Z\" transform=\"matrix(0.259, 0.966, -0.966, 0.259, 9575.075, -3570.797)\" fill=\"#a67a12\"><\/path><\/svg>\t\t\t<\/span>\n\t\t\t\t\t\t\t\t\t<span class=\"elementor-button-text\">go to page<\/span>\n\t\t\t\t\t<\/span>\n\t\t\t\t\t<\/a>\n\t\t\t\t<\/div>\n\t\t\t\t\t\t\t\t<\/div>\n\t\t\t\t<\/div>\n\t\t\t\t<\/div>\n\t\t\t\t<\/article>\n\t\t<article class=\"elementor-element elementor-element-4dfdd47 e-con-full e-flex e-con e-child\" data-id=\"4dfdd47\" data-element_type=\"container\" data-e-type=\"container\">\n\t\t\t\t<div class=\"elementor-element elementor-element-b01d56e elementor-widget__width-inherit elementor-widget elementor-widget-image\" data-id=\"b01d56e\" data-element_type=\"widget\" data-e-type=\"widget\" data-widget_type=\"image.default\">\n\t\t\t\t<div class=\"elementor-widget-container\">\n\t\t\t\t\t\t\t\t\t\t\t\t\t\t\t<img loading=\"lazy\" decoding=\"async\" width=\"382\" height=\"601\" src=\"https:\/\/www.tymad.com\/wp-content\/uploads\/2023\/11\/06062023-517A0752.jpg\" class=\"attachment-full size-full wp-image-702\" alt=\"\" srcset=\"https:\/\/www.tymad.com\/wp-content\/uploads\/2023\/11\/06062023-517A0752.jpg 382w, https:\/\/www.tymad.com\/wp-content\/uploads\/2023\/11\/06062023-517A0752-191x300.jpg 191w, https:\/\/www.tymad.com\/wp-content\/uploads\/2023\/11\/06062023-517A0752-8x12.jpg 8w\" sizes=\"auto, (max-width: 382px) 100vw, 382px\" title=\"\">\t\t\t\t\t\t\t\t\t\t\t\t\t\t\t<\/div>\n\t\t\t\t<\/div>\n\t\t<div class=\"elementor-element elementor-element-7289a51 e-con-full content e-flex e-con e-child\" data-id=\"7289a51\" data-element_type=\"container\" data-e-type=\"container\" data-settings=\"{&quot;background_background&quot;:&quot;classic&quot;}\">\n\t\t\t\t<div class=\"elementor-element elementor-element-a5fe90c elementor-widget__width-initial elementor-widget elementor-widget-heading\" data-id=\"a5fe90c\" data-element_type=\"widget\" data-e-type=\"widget\" data-widget_type=\"heading.default\">\n\t\t\t\t<div class=\"elementor-widget-container\">\n\t\t\t\t\t<h2 class=\"elementor-heading-title elementor-size-default\">Study day<\/h2>\t\t\t\t<\/div>\n\t\t\t\t<\/div>\n\t\t\t\t<div class=\"elementor-element elementor-element-3a4a87d elementor-widget__width-initial elementor-widget elementor-widget-heading\" data-id=\"3a4a87d\" data-element_type=\"widget\" data-e-type=\"widget\" data-widget_type=\"heading.default\">\n\t\t\t\t<div class=\"elementor-widget-container\">\n\t\t\t\t\t<h3 class=\"elementor-heading-title elementor-size-default\">Spend a unique moment with your colleagues<\/h3>\t\t\t\t<\/div>\n\t\t\t\t<\/div>\n\t\t\t\t<div class=\"elementor-element elementor-element-7a0763c btn-maillage2 elementor-widget elementor-widget-button\" data-id=\"7a0763c\" data-element_type=\"widget\" data-e-type=\"widget\" data-widget_type=\"button.default\">\n\t\t\t\t<div class=\"elementor-widget-container\">\n\t\t\t\t\t\t\t\t\t<div class=\"elementor-button-wrapper\">\n\t\t\t\t\t<a class=\"elementor-button elementor-button-link elementor-size-sm\" href=\"https:\/\/www.tymad.com\/en\/seminaires-business-hotel-seminaire-morbihan\/journee-detudes\/\">\n\t\t\t\t\t\t<span class=\"elementor-button-content-wrapper\">\n\t\t\t\t\t\t<span class=\"elementor-button-icon\">\n\t\t\t\t<svg xmlns=\"http:\/\/www.w3.org\/2000\/svg\" width=\"14.134\" height=\"21.348\" viewbox=\"0 0 14.134 21.348\"><path d=\"M992.244,10173.632c-.254-.061-.531-.2-1.109-1.2a5.693,5.693,0,0,1-.58-1.285,19.37,19.37,0,0,0-1.334-1.511c-.722-.774-1.54-1.651-2.233-2.516-1.168-1.457-1.839-1.41-2.767-1.347l-.105.008a23.683,23.683,0,0,0-4.233,2.751,33.153,33.153,0,0,0-3.886,3.176,7.872,7.872,0,0,1-1.9,1.818l-.835-1.246a6.31,6.31,0,0,0,1.488-1.4,34.934,34.934,0,0,1,4.328-3.612c3.949-2.914,4.677-2.962,4.916-2.978l.125-.009c1.062-.072,2.382-.164,4.041,1.905.657.819,1.456,1.676,2.16,2.431,1.261,1.352,1.635,1.769,1.7,2.208a6.236,6.236,0,0,0,.828,1.479.574.574,0,0,0-.256-.127Z\" transform=\"matrix(0.259, 0.966, -0.966, 0.259, 9575.075, -3570.797)\" fill=\"#a67a12\"><\/path><\/svg>\t\t\t<\/span>\n\t\t\t\t\t\t\t\t\t<span class=\"elementor-button-text\">go to page<\/span>\n\t\t\t\t\t<\/span>\n\t\t\t\t\t<\/a>\n\t\t\t\t<\/div>\n\t\t\t\t\t\t\t\t<\/div>\n\t\t\t\t<\/div>\n\t\t\t\t<\/div>\n\t\t\t\t<\/article>\n\t\t\t\t\t<\/div>\n\t\t\t\t<\/section>\n\t\t\t\t<\/div>","protected":false},"excerpt":{"rendered":"<p>S\u00e9minaires votre s\u00e9minaire sur l&rsquo;\u00eele de Groix S\u00c9MINAIRE \u00c0 l&rsquo;\u00eele de GROIX Le cadre et le savoir-faire du Ty Mad Nous avons le plaisir de vous offrir la possibilit\u00e9 de vous r\u00e9unir au sein de notre h\u00f4tel pour vos s\u00e9minaires, r\u00e9unions, conf\u00e9rences et incentives \u00e0 Groix.Nous mettons \u00e0 votre disposition une salle de 50 m\u00b2 [&hellip;]<\/p>\n","protected":false},"author":4,"featured_media":0,"parent":77,"menu_order":1,"comment_status":"closed","ping_status":"closed","template":"","meta":{"inline_featured_image":false,"footnotes":""},"class_list":["post-1449","page","type-page","status-publish","hentry"],"_links":{"self":[{"href":"https:\/\/www.tymad.com\/en\/wp-json\/wp\/v2\/pages\/1449","targetHints":{"allow":["GET"]}}],"collection":[{"href":"https:\/\/www.tymad.com\/en\/wp-json\/wp\/v2\/pages"}],"about":[{"href":"https:\/\/www.tymad.com\/en\/wp-json\/wp\/v2\/types\/page"}],"author":[{"embeddable":true,"href":"https:\/\/www.tymad.com\/en\/wp-json\/wp\/v2\/users\/4"}],"replies":[{"embeddable":true,"href":"https:\/\/www.tymad.com\/en\/wp-json\/wp\/v2\/comments?post=1449"}],"version-history":[{"count":34,"href":"https:\/\/www.tymad.com\/en\/wp-json\/wp\/v2\/pages\/1449\/revisions"}],"predecessor-version":[{"id":3771,"href":"https:\/\/www.tymad.com\/en\/wp-json\/wp\/v2\/pages\/1449\/revisions\/3771"}],"up":[{"embeddable":true,"href":"https:\/\/www.tymad.com\/en\/wp-json\/wp\/v2\/pages\/77"}],"wp:attachment":[{"href":"https:\/\/www.tymad.com\/en\/wp-json\/wp\/v2\/media?parent=1449"}],"curies":[{"name":"wp","href":"https:\/\/api.w.org\/{rel}","templated":true}]}}