{"id":81,"date":"2023-11-17T15:52:50","date_gmt":"2023-11-17T14:52:50","guid":{"rendered":"https:\/\/www.tymad.com\/?page_id=81"},"modified":"2025-09-22T15:26:30","modified_gmt":"2025-09-22T13:26:30","slug":"tourismus-erfahrungen-hotel-ile-de-groix","status":"publish","type":"page","link":"https:\/\/www.tymad.com\/de\/experiences-tourisme-hotel-ile-de-groix\/","title":{"rendered":"Erlebnisse &amp; Tourismus"},"content":{"rendered":"<div data-elementor-type=\"wp-page\" data-elementor-id=\"81\" class=\"elementor elementor-81\" data-elementor-post-type=\"page\">\n\t\t\t\t<section class=\"elementor-element elementor-element-3acfca8 e-con-full e-flex e-con e-parent\" data-id=\"3acfca8\" data-element_type=\"container\" data-e-type=\"container\" data-settings=\"{&quot;background_background&quot;:&quot;classic&quot;}\">\n\t\t\t\t<div class=\"elementor-element elementor-element-17bfae5 elementor-widget elementor-widget-heading\" data-id=\"17bfae5\" data-element_type=\"widget\" data-e-type=\"widget\" data-widget_type=\"heading.default\">\n\t\t\t\t<div class=\"elementor-widget-container\">\n\t\t\t\t\t<span class=\"elementor-heading-title elementor-size-default\">Erfahrungen<br \/>&amp; Tourismus<\/span>\t\t\t\t<\/div>\n\t\t\t\t<\/div>\n\t\t\t\t<div class=\"elementor-element elementor-element-c2f65af elementor-widget__width-initial elementor-widget elementor-widget-heading\" data-id=\"c2f65af\" data-element_type=\"widget\" data-e-type=\"widget\" data-widget_type=\"heading.default\">\n\t\t\t\t<div class=\"elementor-widget-container\">\n\t\t\t\t\t<h1 class=\"elementor-heading-title elementor-size-default\">Hotel auf der Insel Groix<\/h1>\t\t\t\t<\/div>\n\t\t\t\t<\/div>\n\t\t\t\t<\/section>\n\t\t<section class=\"elementor-element elementor-element-4dcda20 e-flex e-con-boxed e-con e-parent\" data-id=\"4dcda20\" data-element_type=\"container\" data-e-type=\"container\" data-settings=\"{&quot;background_background&quot;:&quot;classic&quot;}\">\n\t\t\t\t\t<div class=\"e-con-inner\">\n\t\t<div class=\"elementor-element elementor-element-ff2997d e-con-full e-flex e-con e-child\" data-id=\"ff2997d\" data-element_type=\"container\" data-e-type=\"container\" data-settings=\"{&quot;background_background&quot;:&quot;classic&quot;}\">\n\t\t\t\t<div class=\"elementor-element elementor-element-4174ade elementor-widget elementor-widget-image\" data-id=\"4174ade\" data-element_type=\"widget\" data-e-type=\"widget\" data-widget_type=\"image.default\">\n\t\t\t\t<div class=\"elementor-widget-container\">\n\t\t\t\t\t\t\t\t\t\t\t\t\t\t\t<img loading=\"lazy\" decoding=\"async\" width=\"1254\" height=\"836\" src=\"https:\/\/www.tymad.com\/wp-content\/uploads\/2023\/12\/iStock-1003257410-1.jpg\" class=\"attachment-full size-full wp-image-2757\" alt=\"\" srcset=\"https:\/\/www.tymad.com\/wp-content\/uploads\/2023\/12\/iStock-1003257410-1.jpg 1254w, https:\/\/www.tymad.com\/wp-content\/uploads\/2023\/12\/iStock-1003257410-1-300x200.jpg 300w, https:\/\/www.tymad.com\/wp-content\/uploads\/2023\/12\/iStock-1003257410-1-1024x683.jpg 1024w, https:\/\/www.tymad.com\/wp-content\/uploads\/2023\/12\/iStock-1003257410-1-768x512.jpg 768w, https:\/\/www.tymad.com\/wp-content\/uploads\/2023\/12\/iStock-1003257410-1-18x12.jpg 18w\" sizes=\"auto, (max-width: 1254px) 100vw, 1254px\" title=\"\">\t\t\t\t\t\t\t\t\t\t\t\t\t\t\t<\/div>\n\t\t\t\t<\/div>\n\t\t\t\t<\/div>\n\t\t<div class=\"elementor-element elementor-element-3c2b1f0 e-con-full e-flex e-con e-child\" data-id=\"3c2b1f0\" data-element_type=\"container\" data-e-type=\"container\" data-settings=\"{&quot;background_background&quot;:&quot;classic&quot;}\">\n\t\t<div class=\"elementor-element elementor-element-771ac41 e-con-full e-flex e-con e-child\" data-id=\"771ac41\" data-element_type=\"container\" data-e-type=\"container\" data-settings=\"{&quot;background_background&quot;:&quot;classic&quot;}\">\n\t\t\t\t<div class=\"elementor-element elementor-element-c6a1711 elementor-widget__width-initial elementor-widget elementor-widget-heading\" data-id=\"c6a1711\" data-element_type=\"widget\" data-e-type=\"widget\" data-widget_type=\"heading.default\">\n\t\t\t\t<div class=\"elementor-widget-container\">\n\t\t\t\t\t<h2 class=\"elementor-heading-title elementor-size-default\">Groix-Insel<\/h2>\t\t\t\t<\/div>\n\t\t\t\t<\/div>\n\t\t\t\t<div class=\"elementor-element elementor-element-c3adfce elementor-widget__width-initial elementor-widget elementor-widget-heading\" data-id=\"c3adfce\" data-element_type=\"widget\" data-e-type=\"widget\" data-widget_type=\"heading.default\">\n\t\t\t\t<div class=\"elementor-widget-container\">\n\t\t\t\t\t<h3 class=\"elementor-heading-title elementor-size-default\">Wilder Charme<\/h3>\t\t\t\t<\/div>\n\t\t\t\t<\/div>\n\t\t\t\t<div class=\"elementor-element elementor-element-1f71bc3 elementor-widget__width-initial elementor-widget-mobile__width-initial elementor-widget elementor-widget-text-editor\" data-id=\"1f71bc3\" data-element_type=\"widget\" data-e-type=\"widget\" data-widget_type=\"text-editor.default\">\n\t\t\t\t<div class=\"elementor-widget-container\">\n\t\t\t\t\t\t\t\t\t<p>Die Ile de Groix, 45 Minuten von Lorient entfernt, ist ein nat\u00fcrliches Mineralwunder, das aus einer geologischen Laune heraus entstanden ist, die auf unserem Planeten \u00e4u\u00dferst selten vorkommt und die Quelle von mehr als 60 Mineralienarten ist. Die 8 km lange und 3 km breite Insel besteht aus 17 D\u00f6rfern mit bretonischem Charme und beherbergt 2200 Groisillons, die das ganze Jahr \u00fcber auf der Insel leben. Schon bei der Landung in Port Tudy sp\u00fcrt man die Einzigartigkeit dieses Landes voller Geschichten. Und in Groix ist es die Natur, der die Insel ihren ausgepr\u00e4gten Charakter verdankt. Hier finden Sie den einzigen konvexen Strand Europas, Schiefer mit \u00fcberraschenden Schattierungen und den blauen Glaukophonstein, der nirgendwo anders als in ... Gr\u00f6nland zu finden ist!<\/p>\t\t\t\t\t\t\t\t<\/div>\n\t\t\t\t<\/div>\n\t\t<div class=\"elementor-element elementor-element-5df2950 e-con-full e-flex e-con e-child\" data-id=\"5df2950\" data-element_type=\"container\" data-e-type=\"container\" data-settings=\"{&quot;background_background&quot;:&quot;classic&quot;}\">\n\t\t\t\t<div class=\"elementor-element elementor-element-83c2e86 elementor-widget elementor-widget-shortcode\" data-id=\"83c2e86\" data-element_type=\"widget\" data-e-type=\"widget\" data-widget_type=\"shortcode.default\">\n\t\t\t\t<div class=\"elementor-widget-container\">\n\t\t\t\t\t\t\t<div class=\"elementor-shortcode\"><style type=\"text\/css\" id=\"umsMapStyles_3_46073\">\r\n    #ultimate_maps_3_46073 {\r\n        width: 100%;\r\n        height: 400px;\r\n                border: 0px solid ;\r\n        margin: 0px;\r\n    }\r\n    #mapsControlsNum_3_46073 {\r\n        width:100%    }\r\n    .umsMapDetailsContainer#umsMapDetailsContainer_3_46073 {\r\n        height:400px;\r\n    }\r\n    .ums_MapPreview#ultimate_maps_3_46073 {\r\n        \/*position:absolute;*\/\r\n        width:100%;\r\n    }\r\n    #mapConElem_3_46073{\r\n        width:100%    }\r\n    <\/style><div class=\"ums_map_opts\" id=\"mapConElem_3_46073\" data-id=\"3\" data-view-id=\"3_46073\" > <div class=\"umsMapDetailsContainer\" id=\"umsMapDetailsContainer_3_46073\"> <i class=\"umsKMLLayersPreloader fa fa-spinner fa-spin\" aria-hidden=\"true\" style=\"display: none;\"><\/i> <div class=\"ums_MapPreview\" id=\"ultimate_maps_3_46073\"><\/div> <\/div> <div class=\"umsMapMarkerFilters\" id=\"umsMapMarkerFilters_3_46073\"> <\/div> <div class=\"umsMapProControlsCon\" id=\"umsMapProControlsCon_3_46073\"> <a title=\"WordPress Google Maps\" style=\"display:none;\" href=\"https:\/\/supsystic.com\/plugins\/google-maps-plugin\/?utm_medium=love_link_hide\" target=\"_blank\" rel=\"nofollow noopener\">WordPress Google Maps<\/a><div style=\"clear: both;\"><\/div> <\/div> <div class=\"umsMapProDirectionsCon\" id=\"umsMapProDirectionsCon_3_46073\" > <\/div> <div class=\"umsMapProKmlFilterCon\" id=\"umsMapProKmlFilterCon_3_46073\" > <\/div> <div class=\"umsSocialSharingShell umsSocialSharingShell_3_46073\"> <\/div> <div style=\"clear: both;\"><\/div> <\/div><\/div>\n\t\t\t\t\t\t<\/div>\n\t\t\t\t<\/div>\n\t\t\t\t<\/div>\n\t\t\t\t<\/div>\n\t\t\t\t<\/div>\n\t\t\t\t\t<\/div>\n\t\t\t\t<\/section>\n\t\t<div class=\"elementor-element elementor-element-795aeeb e-flex e-con-boxed e-con e-parent\" data-id=\"795aeeb\" data-element_type=\"container\" data-e-type=\"container\" id=\"section-autre-tourisme\" data-settings=\"{&quot;background_background&quot;:&quot;classic&quot;}\">\n\t\t\t\t\t<div class=\"e-con-inner\">\n\t\t<div class=\"elementor-element elementor-element-7889cf5 e-con-full e-flex e-con e-child\" data-id=\"7889cf5\" data-element_type=\"container\" data-e-type=\"container\">\n\t\t<div class=\"elementor-element elementor-element-2ae70db e-con-full e-flex e-con e-child\" data-id=\"2ae70db\" data-element_type=\"container\" data-e-type=\"container\" data-settings=\"{&quot;background_background&quot;:&quot;classic&quot;}\">\n\t\t\t\t<div class=\"elementor-element elementor-element-8b4246a elementor-widget__width-initial elementor-widget elementor-widget-heading\" data-id=\"8b4246a\" data-element_type=\"widget\" data-e-type=\"widget\" data-widget_type=\"heading.default\">\n\t\t\t\t<div class=\"elementor-widget-container\">\n\t\t\t\t\t<h2 class=\"elementor-heading-title elementor-size-default\">Nat\u00fcrliche Orte<\/h2>\t\t\t\t<\/div>\n\t\t\t\t<\/div>\n\t\t\t\t<div class=\"elementor-element elementor-element-2b0cb42 btn-maillage2 elementor-widget__width-initial elementor-mobile-align-center elementor-widget elementor-widget-button\" data-id=\"2b0cb42\" data-element_type=\"widget\" data-e-type=\"widget\" data-widget_type=\"button.default\">\n\t\t\t\t<div class=\"elementor-widget-container\">\n\t\t\t\t\t\t\t\t\t<div class=\"elementor-button-wrapper\">\n\t\t\t\t\t<a class=\"elementor-button elementor-button-link elementor-size-sm\" href=\"https:\/\/www.tymad.com\/de\/experiences-tourisme-hotel-ile-de-groix\/sites-naturels-hotel-ile-de-groix-bretagne\/\">\n\t\t\t\t\t\t<span class=\"elementor-button-content-wrapper\">\n\t\t\t\t\t\t<span class=\"elementor-button-icon\">\n\t\t\t\t<svg xmlns=\"http:\/\/www.w3.org\/2000\/svg\" width=\"14.134\" height=\"21.348\" viewbox=\"0 0 14.134 21.348\"><path d=\"M992.244,10173.632c-.254-.061-.531-.2-1.109-1.2a5.693,5.693,0,0,1-.58-1.285,19.37,19.37,0,0,0-1.334-1.511c-.722-.774-1.54-1.651-2.233-2.516-1.168-1.457-1.839-1.41-2.767-1.347l-.105.008a23.683,23.683,0,0,0-4.233,2.751,33.153,33.153,0,0,0-3.886,3.176,7.872,7.872,0,0,1-1.9,1.818l-.835-1.246a6.31,6.31,0,0,0,1.488-1.4,34.934,34.934,0,0,1,4.328-3.612c3.949-2.914,4.677-2.962,4.916-2.978l.125-.009c1.062-.072,2.382-.164,4.041,1.905.657.819,1.456,1.676,2.16,2.431,1.261,1.352,1.635,1.769,1.7,2.208a6.236,6.236,0,0,0,.828,1.479.574.574,0,0,0-.256-.127Z\" transform=\"matrix(0.259, 0.966, -0.966, 0.259, 9575.075, -3570.797)\" fill=\"#a67a12\"><\/path><\/svg>\t\t\t<\/span>\n\t\t\t\t\t\t\t\t\t<span class=\"elementor-button-text\">siehe Seite<\/span>\n\t\t\t\t\t<\/span>\n\t\t\t\t\t<\/a>\n\t\t\t\t<\/div>\n\t\t\t\t\t\t\t\t<\/div>\n\t\t\t\t<\/div>\n\t\t\t\t<\/div>\n\t\t<div class=\"elementor-element elementor-element-34a0b1b e-con-full e-flex e-con e-child\" data-id=\"34a0b1b\" data-element_type=\"container\" data-e-type=\"container\">\n\t\t\t\t<div class=\"elementor-element elementor-element-aaa0870 elementor-widget elementor-widget-image\" data-id=\"aaa0870\" data-element_type=\"widget\" data-e-type=\"widget\" data-widget_type=\"image.default\">\n\t\t\t\t<div class=\"elementor-widget-container\">\n\t\t\t\t\t\t\t\t\t\t\t\t\t\t\t<img loading=\"lazy\" decoding=\"async\" width=\"1255\" height=\"835\" src=\"https:\/\/www.tymad.com\/wp-content\/uploads\/2023\/12\/iStock-1227028100.jpg\" class=\"attachment-full size-full wp-image-2805\" alt=\"\" srcset=\"https:\/\/www.tymad.com\/wp-content\/uploads\/2023\/12\/iStock-1227028100.jpg 1255w, https:\/\/www.tymad.com\/wp-content\/uploads\/2023\/12\/iStock-1227028100-300x200.jpg 300w, https:\/\/www.tymad.com\/wp-content\/uploads\/2023\/12\/iStock-1227028100-1024x681.jpg 1024w, https:\/\/www.tymad.com\/wp-content\/uploads\/2023\/12\/iStock-1227028100-768x511.jpg 768w, https:\/\/www.tymad.com\/wp-content\/uploads\/2023\/12\/iStock-1227028100-18x12.jpg 18w\" sizes=\"auto, (max-width: 1255px) 100vw, 1255px\" title=\"\">\t\t\t\t\t\t\t\t\t\t\t\t\t\t\t<\/div>\n\t\t\t\t<\/div>\n\t\t\t\t<\/div>\n\t\t\t\t<\/div>\n\t\t<div class=\"elementor-element elementor-element-75212ae e-con-full e-flex e-con e-child\" data-id=\"75212ae\" data-element_type=\"container\" data-e-type=\"container\">\n\t\t<div class=\"elementor-element elementor-element-aad68ce e-con-full e-flex e-con e-child\" data-id=\"aad68ce\" data-element_type=\"container\" data-e-type=\"container\" data-settings=\"{&quot;background_background&quot;:&quot;classic&quot;}\">\n\t\t\t\t<div class=\"elementor-element elementor-element-cb3f021 elementor-widget__width-initial elementor-widget elementor-widget-heading\" data-id=\"cb3f021\" data-element_type=\"widget\" data-e-type=\"widget\" data-widget_type=\"heading.default\">\n\t\t\t\t<div class=\"elementor-widget-container\">\n\t\t\t\t\t<h2 class=\"elementor-heading-title elementor-size-default\">Kulturelles Erbe<\/h2>\t\t\t\t<\/div>\n\t\t\t\t<\/div>\n\t\t\t\t<div class=\"elementor-element elementor-element-6aae0a2 btn-maillage2 elementor-widget__width-initial elementor-mobile-align-center elementor-widget elementor-widget-button\" data-id=\"6aae0a2\" data-element_type=\"widget\" data-e-type=\"widget\" data-widget_type=\"button.default\">\n\t\t\t\t<div class=\"elementor-widget-container\">\n\t\t\t\t\t\t\t\t\t<div class=\"elementor-button-wrapper\">\n\t\t\t\t\t<a class=\"elementor-button elementor-button-link elementor-size-sm\" href=\"https:\/\/www.tymad.com\/de\/experiences-tourisme-hotel-ile-de-groix\/patrimoine-culturel\/\">\n\t\t\t\t\t\t<span class=\"elementor-button-content-wrapper\">\n\t\t\t\t\t\t<span class=\"elementor-button-icon\">\n\t\t\t\t<svg xmlns=\"http:\/\/www.w3.org\/2000\/svg\" width=\"14.134\" height=\"21.348\" viewbox=\"0 0 14.134 21.348\"><path d=\"M992.244,10173.632c-.254-.061-.531-.2-1.109-1.2a5.693,5.693,0,0,1-.58-1.285,19.37,19.37,0,0,0-1.334-1.511c-.722-.774-1.54-1.651-2.233-2.516-1.168-1.457-1.839-1.41-2.767-1.347l-.105.008a23.683,23.683,0,0,0-4.233,2.751,33.153,33.153,0,0,0-3.886,3.176,7.872,7.872,0,0,1-1.9,1.818l-.835-1.246a6.31,6.31,0,0,0,1.488-1.4,34.934,34.934,0,0,1,4.328-3.612c3.949-2.914,4.677-2.962,4.916-2.978l.125-.009c1.062-.072,2.382-.164,4.041,1.905.657.819,1.456,1.676,2.16,2.431,1.261,1.352,1.635,1.769,1.7,2.208a6.236,6.236,0,0,0,.828,1.479.574.574,0,0,0-.256-.127Z\" transform=\"matrix(0.259, 0.966, -0.966, 0.259, 9575.075, -3570.797)\" fill=\"#a67a12\"><\/path><\/svg>\t\t\t<\/span>\n\t\t\t\t\t\t\t\t\t<span class=\"elementor-button-text\">siehe Seite<\/span>\n\t\t\t\t\t<\/span>\n\t\t\t\t\t<\/a>\n\t\t\t\t<\/div>\n\t\t\t\t\t\t\t\t<\/div>\n\t\t\t\t<\/div>\n\t\t\t\t<\/div>\n\t\t<div class=\"elementor-element elementor-element-44768f6 e-con-full e-flex e-con e-child\" data-id=\"44768f6\" data-element_type=\"container\" data-e-type=\"container\">\n\t\t\t\t<div class=\"elementor-element elementor-element-0c9cc48 elementor-widget elementor-widget-image\" data-id=\"0c9cc48\" data-element_type=\"widget\" data-e-type=\"widget\" data-widget_type=\"image.default\">\n\t\t\t\t<div class=\"elementor-widget-container\">\n\t\t\t\t\t\t\t\t\t\t\t\t\t\t\t<img loading=\"lazy\" decoding=\"async\" width=\"1254\" height=\"837\" src=\"https:\/\/www.tymad.com\/wp-content\/uploads\/2023\/12\/iStock-666891402.jpg\" class=\"attachment-full size-full wp-image-2781\" alt=\"\" srcset=\"https:\/\/www.tymad.com\/wp-content\/uploads\/2023\/12\/iStock-666891402.jpg 1254w, https:\/\/www.tymad.com\/wp-content\/uploads\/2023\/12\/iStock-666891402-300x200.jpg 300w, https:\/\/www.tymad.com\/wp-content\/uploads\/2023\/12\/iStock-666891402-1024x683.jpg 1024w, https:\/\/www.tymad.com\/wp-content\/uploads\/2023\/12\/iStock-666891402-768x513.jpg 768w, https:\/\/www.tymad.com\/wp-content\/uploads\/2023\/12\/iStock-666891402-18x12.jpg 18w\" sizes=\"auto, (max-width: 1254px) 100vw, 1254px\" title=\"\">\t\t\t\t\t\t\t\t\t\t\t\t\t\t\t<\/div>\n\t\t\t\t<\/div>\n\t\t\t\t<\/div>\n\t\t\t\t<\/div>\n\t\t<div class=\"elementor-element elementor-element-11d93a3 e-con-full e-flex e-con e-child\" data-id=\"11d93a3\" data-element_type=\"container\" data-e-type=\"container\">\n\t\t<div class=\"elementor-element elementor-element-d5e0330 e-con-full e-flex e-con e-child\" data-id=\"d5e0330\" data-element_type=\"container\" data-e-type=\"container\" data-settings=\"{&quot;background_background&quot;:&quot;classic&quot;}\">\n\t\t\t\t<div class=\"elementor-element elementor-element-5ba38c0 elementor-widget__width-initial elementor-widget elementor-widget-heading\" data-id=\"5ba38c0\" data-element_type=\"widget\" data-e-type=\"widget\" data-widget_type=\"heading.default\">\n\t\t\t\t<div class=\"elementor-widget-container\">\n\t\t\t\t\t<h2 class=\"elementor-heading-title elementor-size-default\">Die Str\u00e4nde<\/h2>\t\t\t\t<\/div>\n\t\t\t\t<\/div>\n\t\t\t\t<div class=\"elementor-element elementor-element-9195043 btn-maillage2 elementor-widget__width-initial elementor-mobile-align-center elementor-widget elementor-widget-button\" data-id=\"9195043\" data-element_type=\"widget\" data-e-type=\"widget\" data-widget_type=\"button.default\">\n\t\t\t\t<div class=\"elementor-widget-container\">\n\t\t\t\t\t\t\t\t\t<div class=\"elementor-button-wrapper\">\n\t\t\t\t\t<a class=\"elementor-button elementor-button-link elementor-size-sm\" href=\"https:\/\/www.tymad.com\/de\/experiences-tourisme-hotel-ile-de-groix\/les-plages\/\">\n\t\t\t\t\t\t<span class=\"elementor-button-content-wrapper\">\n\t\t\t\t\t\t<span class=\"elementor-button-icon\">\n\t\t\t\t<svg xmlns=\"http:\/\/www.w3.org\/2000\/svg\" width=\"14.134\" height=\"21.348\" viewbox=\"0 0 14.134 21.348\"><path d=\"M992.244,10173.632c-.254-.061-.531-.2-1.109-1.2a5.693,5.693,0,0,1-.58-1.285,19.37,19.37,0,0,0-1.334-1.511c-.722-.774-1.54-1.651-2.233-2.516-1.168-1.457-1.839-1.41-2.767-1.347l-.105.008a23.683,23.683,0,0,0-4.233,2.751,33.153,33.153,0,0,0-3.886,3.176,7.872,7.872,0,0,1-1.9,1.818l-.835-1.246a6.31,6.31,0,0,0,1.488-1.4,34.934,34.934,0,0,1,4.328-3.612c3.949-2.914,4.677-2.962,4.916-2.978l.125-.009c1.062-.072,2.382-.164,4.041,1.905.657.819,1.456,1.676,2.16,2.431,1.261,1.352,1.635,1.769,1.7,2.208a6.236,6.236,0,0,0,.828,1.479.574.574,0,0,0-.256-.127Z\" transform=\"matrix(0.259, 0.966, -0.966, 0.259, 9575.075, -3570.797)\" fill=\"#a67a12\"><\/path><\/svg>\t\t\t<\/span>\n\t\t\t\t\t\t\t\t\t<span class=\"elementor-button-text\">siehe Seite<\/span>\n\t\t\t\t\t<\/span>\n\t\t\t\t\t<\/a>\n\t\t\t\t<\/div>\n\t\t\t\t\t\t\t\t<\/div>\n\t\t\t\t<\/div>\n\t\t\t\t<\/div>\n\t\t<div class=\"elementor-element elementor-element-dd29240 e-con-full e-flex e-con e-child\" data-id=\"dd29240\" data-element_type=\"container\" data-e-type=\"container\">\n\t\t\t\t<div class=\"elementor-element elementor-element-07d39ea elementor-widget elementor-widget-image\" data-id=\"07d39ea\" data-element_type=\"widget\" data-e-type=\"widget\" data-widget_type=\"image.default\">\n\t\t\t\t<div class=\"elementor-widget-container\">\n\t\t\t\t\t\t\t\t\t\t\t\t\t\t\t<img loading=\"lazy\" decoding=\"async\" width=\"2560\" height=\"1707\" src=\"https:\/\/www.tymad.com\/wp-content\/uploads\/2023\/11\/06062023-517A0752-1-scaled.jpg\" class=\"attachment-full size-full wp-image-2764\" alt=\"\" srcset=\"https:\/\/www.tymad.com\/wp-content\/uploads\/2023\/11\/06062023-517A0752-1-scaled.jpg 2560w, https:\/\/www.tymad.com\/wp-content\/uploads\/2023\/11\/06062023-517A0752-1-300x200.jpg 300w, https:\/\/www.tymad.com\/wp-content\/uploads\/2023\/11\/06062023-517A0752-1-1024x683.jpg 1024w, https:\/\/www.tymad.com\/wp-content\/uploads\/2023\/11\/06062023-517A0752-1-768x512.jpg 768w, https:\/\/www.tymad.com\/wp-content\/uploads\/2023\/11\/06062023-517A0752-1-1536x1024.jpg 1536w, https:\/\/www.tymad.com\/wp-content\/uploads\/2023\/11\/06062023-517A0752-1-2048x1365.jpg 2048w, https:\/\/www.tymad.com\/wp-content\/uploads\/2023\/11\/06062023-517A0752-1-18x12.jpg 18w\" sizes=\"auto, (max-width: 2560px) 100vw, 2560px\" title=\"\">\t\t\t\t\t\t\t\t\t\t\t\t\t\t\t<\/div>\n\t\t\t\t<\/div>\n\t\t\t\t<\/div>\n\t\t\t\t<\/div>\n\t\t<div class=\"elementor-element elementor-element-e5117d0 e-con-full e-flex e-con e-child\" data-id=\"e5117d0\" data-element_type=\"container\" data-e-type=\"container\">\n\t\t<div class=\"elementor-element elementor-element-89ffcdd e-con-full e-flex e-con e-child\" data-id=\"89ffcdd\" data-element_type=\"container\" data-e-type=\"container\" data-settings=\"{&quot;background_background&quot;:&quot;classic&quot;}\">\n\t\t\t\t<div class=\"elementor-element elementor-element-b31f7b9 elementor-widget__width-initial elementor-widget elementor-widget-heading\" data-id=\"b31f7b9\" data-element_type=\"widget\" data-e-type=\"widget\" data-widget_type=\"heading.default\">\n\t\t\t\t<div class=\"elementor-widget-container\">\n\t\t\t\t\t<h2 class=\"elementor-heading-title elementor-size-default\">Die Spazierg\u00e4nge<\/h2>\t\t\t\t<\/div>\n\t\t\t\t<\/div>\n\t\t\t\t<div class=\"elementor-element elementor-element-fb59f18 btn-maillage2 elementor-widget__width-initial elementor-mobile-align-center elementor-widget elementor-widget-button\" data-id=\"fb59f18\" data-element_type=\"widget\" data-e-type=\"widget\" data-widget_type=\"button.default\">\n\t\t\t\t<div class=\"elementor-widget-container\">\n\t\t\t\t\t\t\t\t\t<div class=\"elementor-button-wrapper\">\n\t\t\t\t\t<a class=\"elementor-button elementor-button-link elementor-size-sm\" href=\"https:\/\/www.tymad.com\/de\/experiences-tourisme-hotel-ile-de-groix\/les-balades-randonnee-ile-de-groix\/\">\n\t\t\t\t\t\t<span class=\"elementor-button-content-wrapper\">\n\t\t\t\t\t\t<span class=\"elementor-button-icon\">\n\t\t\t\t<svg xmlns=\"http:\/\/www.w3.org\/2000\/svg\" width=\"14.134\" height=\"21.348\" viewbox=\"0 0 14.134 21.348\"><path d=\"M992.244,10173.632c-.254-.061-.531-.2-1.109-1.2a5.693,5.693,0,0,1-.58-1.285,19.37,19.37,0,0,0-1.334-1.511c-.722-.774-1.54-1.651-2.233-2.516-1.168-1.457-1.839-1.41-2.767-1.347l-.105.008a23.683,23.683,0,0,0-4.233,2.751,33.153,33.153,0,0,0-3.886,3.176,7.872,7.872,0,0,1-1.9,1.818l-.835-1.246a6.31,6.31,0,0,0,1.488-1.4,34.934,34.934,0,0,1,4.328-3.612c3.949-2.914,4.677-2.962,4.916-2.978l.125-.009c1.062-.072,2.382-.164,4.041,1.905.657.819,1.456,1.676,2.16,2.431,1.261,1.352,1.635,1.769,1.7,2.208a6.236,6.236,0,0,0,.828,1.479.574.574,0,0,0-.256-.127Z\" transform=\"matrix(0.259, 0.966, -0.966, 0.259, 9575.075, -3570.797)\" fill=\"#a67a12\"><\/path><\/svg>\t\t\t<\/span>\n\t\t\t\t\t\t\t\t\t<span class=\"elementor-button-text\">siehe Seite<\/span>\n\t\t\t\t\t<\/span>\n\t\t\t\t\t<\/a>\n\t\t\t\t<\/div>\n\t\t\t\t\t\t\t\t<\/div>\n\t\t\t\t<\/div>\n\t\t\t\t<\/div>\n\t\t<div class=\"elementor-element elementor-element-f06b2a8 e-con-full e-flex e-con e-child\" data-id=\"f06b2a8\" data-element_type=\"container\" data-e-type=\"container\">\n\t\t\t\t<div class=\"elementor-element elementor-element-5338083 elementor-widget elementor-widget-image\" data-id=\"5338083\" data-element_type=\"widget\" data-e-type=\"widget\" data-widget_type=\"image.default\">\n\t\t\t\t<div class=\"elementor-widget-container\">\n\t\t\t\t\t\t\t\t\t\t\t\t\t\t\t<img loading=\"lazy\" decoding=\"async\" width=\"1254\" height=\"836\" src=\"https:\/\/www.tymad.com\/wp-content\/uploads\/2023\/12\/iStock-1185421061.jpg\" class=\"attachment-full size-full wp-image-2746\" alt=\"\" srcset=\"https:\/\/www.tymad.com\/wp-content\/uploads\/2023\/12\/iStock-1185421061.jpg 1254w, https:\/\/www.tymad.com\/wp-content\/uploads\/2023\/12\/iStock-1185421061-300x200.jpg 300w, https:\/\/www.tymad.com\/wp-content\/uploads\/2023\/12\/iStock-1185421061-1024x683.jpg 1024w, https:\/\/www.tymad.com\/wp-content\/uploads\/2023\/12\/iStock-1185421061-768x512.jpg 768w, https:\/\/www.tymad.com\/wp-content\/uploads\/2023\/12\/iStock-1185421061-18x12.jpg 18w\" sizes=\"auto, (max-width: 1254px) 100vw, 1254px\" title=\"\">\t\t\t\t\t\t\t\t\t\t\t\t\t\t\t<\/div>\n\t\t\t\t<\/div>\n\t\t\t\t<\/div>\n\t\t\t\t<\/div>\n\t\t\t\t\t<\/div>\n\t\t\t\t<\/div>\n\t\t\t\t<\/div>","protected":false},"excerpt":{"rendered":"<p>Exp\u00e9riences&#038; tourisme H\u00f4tel sur l&rsquo;ile de Groix \u00cele de Groix Un charme sauvage A 45 minutes de Lorient, l\u2019Ile de Groix est un miracle min\u00e9ral naturel n\u00e9 d\u2019un caprice g\u00e9ologique d\u2019une extr\u00eame raret\u00e9 sur la plan\u00e8te, \u00e0 la source de plus de 60 vari\u00e9t\u00e9s de min\u00e9raux. De 8 km de long sur 3 km de [&hellip;]<\/p>\n","protected":false},"author":4,"featured_media":0,"parent":0,"menu_order":0,"comment_status":"closed","ping_status":"closed","template":"","meta":{"inline_featured_image":false,"footnotes":""},"class_list":["post-81","page","type-page","status-publish","hentry"],"_links":{"self":[{"href":"https:\/\/www.tymad.com\/de\/wp-json\/wp\/v2\/pages\/81","targetHints":{"allow":["GET"]}}],"collection":[{"href":"https:\/\/www.tymad.com\/de\/wp-json\/wp\/v2\/pages"}],"about":[{"href":"https:\/\/www.tymad.com\/de\/wp-json\/wp\/v2\/types\/page"}],"author":[{"embeddable":true,"href":"https:\/\/www.tymad.com\/de\/wp-json\/wp\/v2\/users\/4"}],"replies":[{"embeddable":true,"href":"https:\/\/www.tymad.com\/de\/wp-json\/wp\/v2\/comments?post=81"}],"version-history":[{"count":79,"href":"https:\/\/www.tymad.com\/de\/wp-json\/wp\/v2\/pages\/81\/revisions"}],"predecessor-version":[{"id":3734,"href":"https:\/\/www.tymad.com\/de\/wp-json\/wp\/v2\/pages\/81\/revisions\/3734"}],"wp:attachment":[{"href":"https:\/\/www.tymad.com\/de\/wp-json\/wp\/v2\/media?parent=81"}],"curies":[{"name":"wp","href":"https:\/\/api.w.org\/{rel}","templated":true}]}}