{"id":3478,"date":"2024-12-12T10:59:18","date_gmt":"2024-12-12T09:59:18","guid":{"rendered":"https:\/\/www.tymad.com\/?page_id=3478"},"modified":"2026-03-16T16:38:11","modified_gmt":"2026-03-16T15:38:11","slug":"das-reiseziel-die-ile-de-groix-besuchen","status":"publish","type":"page","link":"https:\/\/www.tymad.com\/de\/la-destination-visiter-l-ile-de-groix\/","title":{"rendered":"Das Reiseziel"},"content":{"rendered":"<div data-elementor-type=\"wp-page\" data-elementor-id=\"3478\" class=\"elementor elementor-3478\" data-elementor-post-type=\"page\">\n\t\t\t\t<section class=\"elementor-element elementor-element-3acfca8 e-con-full e-flex e-con e-parent\" data-id=\"3acfca8\" data-element_type=\"container\" data-e-type=\"container\" data-settings=\"{&quot;background_background&quot;:&quot;classic&quot;}\">\n\t\t\t\t<div class=\"elementor-element elementor-element-17bfae5 elementor-widget elementor-widget-heading\" data-id=\"17bfae5\" data-element_type=\"widget\" data-e-type=\"widget\" data-widget_type=\"heading.default\">\n\t\t\t\t<div class=\"elementor-widget-container\">\n\t\t\t\t\t<span class=\"elementor-heading-title elementor-size-default\">Das Reiseziel<\/span>\t\t\t\t<\/div>\n\t\t\t\t<\/div>\n\t\t\t\t<div class=\"elementor-element elementor-element-c2f65af elementor-widget__width-initial elementor-widget elementor-widget-heading\" data-id=\"c2f65af\" data-element_type=\"widget\" data-e-type=\"widget\" data-widget_type=\"heading.default\">\n\t\t\t\t<div class=\"elementor-widget-container\">\n\t\t\t\t\t<h1 class=\"elementor-heading-title elementor-size-default\">Die Ile de Groix besuchen<\/h1>\t\t\t\t<\/div>\n\t\t\t\t<\/div>\n\t\t\t\t<\/section>\n\t\t<div class=\"elementor-element elementor-element-795aeeb e-flex e-con-boxed e-con e-parent\" data-id=\"795aeeb\" data-element_type=\"container\" data-e-type=\"container\" id=\"section-autre-tourisme\" data-settings=\"{&quot;background_background&quot;:&quot;classic&quot;}\">\n\t\t\t\t\t<div class=\"e-con-inner\">\n\t\t<div class=\"elementor-element elementor-element-7889cf5 e-con-full e-flex e-con e-child\" data-id=\"7889cf5\" data-element_type=\"container\" data-e-type=\"container\">\n\t\t<div class=\"elementor-element elementor-element-2ae70db e-con-full e-flex e-con e-child\" data-id=\"2ae70db\" data-element_type=\"container\" data-e-type=\"container\" data-settings=\"{&quot;background_background&quot;:&quot;classic&quot;}\">\n\t\t\t\t<div class=\"elementor-element elementor-element-8b4246a elementor-widget__width-initial elementor-widget elementor-widget-heading\" data-id=\"8b4246a\" data-element_type=\"widget\" data-e-type=\"widget\" data-widget_type=\"heading.default\">\n\t\t\t\t<div class=\"elementor-widget-container\">\n\t\t\t\t\t<h2 class=\"elementor-heading-title elementor-size-default\">Restaurant \u00cele de Groix: die unumg\u00e4ngliche Adresse am Hafenufer<\/h2>\t\t\t\t<\/div>\n\t\t\t\t<\/div>\n\t\t\t\t<div class=\"elementor-element elementor-element-2b0cb42 btn-maillage2 elementor-widget__width-initial elementor-mobile-align-center elementor-widget elementor-widget-button\" data-id=\"2b0cb42\" data-element_type=\"widget\" data-e-type=\"widget\" data-widget_type=\"button.default\">\n\t\t\t\t<div class=\"elementor-widget-container\">\n\t\t\t\t\t\t\t\t\t<div class=\"elementor-button-wrapper\">\n\t\t\t\t\t<a class=\"elementor-button elementor-button-link elementor-size-sm\" href=\"https:\/\/www.tymad.com\/de\/restaurant-ile-de-groix-ladresse-incontournable-au-bord-du-port\/\">\n\t\t\t\t\t\t<span class=\"elementor-button-content-wrapper\">\n\t\t\t\t\t\t<span class=\"elementor-button-icon\">\n\t\t\t\t<svg xmlns=\"http:\/\/www.w3.org\/2000\/svg\" width=\"14.134\" height=\"21.348\" viewbox=\"0 0 14.134 21.348\"><path d=\"M992.244,10173.632c-.254-.061-.531-.2-1.109-1.2a5.693,5.693,0,0,1-.58-1.285,19.37,19.37,0,0,0-1.334-1.511c-.722-.774-1.54-1.651-2.233-2.516-1.168-1.457-1.839-1.41-2.767-1.347l-.105.008a23.683,23.683,0,0,0-4.233,2.751,33.153,33.153,0,0,0-3.886,3.176,7.872,7.872,0,0,1-1.9,1.818l-.835-1.246a6.31,6.31,0,0,0,1.488-1.4,34.934,34.934,0,0,1,4.328-3.612c3.949-2.914,4.677-2.962,4.916-2.978l.125-.009c1.062-.072,2.382-.164,4.041,1.905.657.819,1.456,1.676,2.16,2.431,1.261,1.352,1.635,1.769,1.7,2.208a6.236,6.236,0,0,0,.828,1.479.574.574,0,0,0-.256-.127Z\" transform=\"matrix(0.259, 0.966, -0.966, 0.259, 9575.075, -3570.797)\" fill=\"#a67a12\"><\/path><\/svg>\t\t\t<\/span>\n\t\t\t\t\t\t\t\t\t<span class=\"elementor-button-text\">siehe Seite<\/span>\n\t\t\t\t\t<\/span>\n\t\t\t\t\t<\/a>\n\t\t\t\t<\/div>\n\t\t\t\t\t\t\t\t<\/div>\n\t\t\t\t<\/div>\n\t\t\t\t<\/div>\n\t\t<div class=\"elementor-element elementor-element-34a0b1b e-con-full e-flex e-con e-child\" data-id=\"34a0b1b\" data-element_type=\"container\" data-e-type=\"container\">\n\t\t\t\t<div class=\"elementor-element elementor-element-aaa0870 elementor-widget elementor-widget-image\" data-id=\"aaa0870\" data-element_type=\"widget\" data-e-type=\"widget\" data-widget_type=\"image.default\">\n\t\t\t\t<div class=\"elementor-widget-container\">\n\t\t\t\t\t\t\t\t\t\t\t\t\t\t\t<img loading=\"lazy\" decoding=\"async\" width=\"1256\" height=\"835\" src=\"https:\/\/www.tymad.com\/wp-content\/uploads\/2023\/12\/iStock-837677580.jpg\" class=\"attachment-full size-full wp-image-2780\" alt=\"\" srcset=\"https:\/\/www.tymad.com\/wp-content\/uploads\/2023\/12\/iStock-837677580.jpg 1256w, https:\/\/www.tymad.com\/wp-content\/uploads\/2023\/12\/iStock-837677580-300x199.jpg 300w, https:\/\/www.tymad.com\/wp-content\/uploads\/2023\/12\/iStock-837677580-1024x681.jpg 1024w, https:\/\/www.tymad.com\/wp-content\/uploads\/2023\/12\/iStock-837677580-768x511.jpg 768w, https:\/\/www.tymad.com\/wp-content\/uploads\/2023\/12\/iStock-837677580-18x12.jpg 18w\" sizes=\"auto, (max-width: 1256px) 100vw, 1256px\" title=\"\">\t\t\t\t\t\t\t\t\t\t\t\t\t\t\t<\/div>\n\t\t\t\t<\/div>\n\t\t\t\t<\/div>\n\t\t\t\t<\/div>\n\t\t<div class=\"elementor-element elementor-element-fc6d5bb e-con-full e-flex e-con e-child\" data-id=\"fc6d5bb\" data-element_type=\"container\" data-e-type=\"container\">\n\t\t<div class=\"elementor-element elementor-element-657b0f4 e-con-full e-flex e-con e-child\" data-id=\"657b0f4\" data-element_type=\"container\" data-e-type=\"container\" data-settings=\"{&quot;background_background&quot;:&quot;classic&quot;}\">\n\t\t\t\t<div class=\"elementor-element elementor-element-2190e97 elementor-widget__width-initial elementor-widget elementor-widget-heading\" data-id=\"2190e97\" data-element_type=\"widget\" data-e-type=\"widget\" data-widget_type=\"heading.default\">\n\t\t\t\t<div class=\"elementor-widget-container\">\n\t\t\t\t\t<h2 class=\"elementor-heading-title elementor-size-default\">Hotel mit Charme \u00cele de Groix: Entdecken Sie das Ty Mad<\/h2>\t\t\t\t<\/div>\n\t\t\t\t<\/div>\n\t\t\t\t<div class=\"elementor-element elementor-element-49453c1 btn-maillage2 elementor-widget__width-initial elementor-mobile-align-center elementor-widget elementor-widget-button\" data-id=\"49453c1\" data-element_type=\"widget\" data-e-type=\"widget\" data-widget_type=\"button.default\">\n\t\t\t\t<div class=\"elementor-widget-container\">\n\t\t\t\t\t\t\t\t\t<div class=\"elementor-button-wrapper\">\n\t\t\t\t\t<a class=\"elementor-button elementor-button-link elementor-size-sm\" href=\"https:\/\/www.tymad.com\/de\/hotel-de-charme-ile-de-groix\/\">\n\t\t\t\t\t\t<span class=\"elementor-button-content-wrapper\">\n\t\t\t\t\t\t<span class=\"elementor-button-icon\">\n\t\t\t\t<svg xmlns=\"http:\/\/www.w3.org\/2000\/svg\" width=\"14.134\" height=\"21.348\" viewbox=\"0 0 14.134 21.348\"><path d=\"M992.244,10173.632c-.254-.061-.531-.2-1.109-1.2a5.693,5.693,0,0,1-.58-1.285,19.37,19.37,0,0,0-1.334-1.511c-.722-.774-1.54-1.651-2.233-2.516-1.168-1.457-1.839-1.41-2.767-1.347l-.105.008a23.683,23.683,0,0,0-4.233,2.751,33.153,33.153,0,0,0-3.886,3.176,7.872,7.872,0,0,1-1.9,1.818l-.835-1.246a6.31,6.31,0,0,0,1.488-1.4,34.934,34.934,0,0,1,4.328-3.612c3.949-2.914,4.677-2.962,4.916-2.978l.125-.009c1.062-.072,2.382-.164,4.041,1.905.657.819,1.456,1.676,2.16,2.431,1.261,1.352,1.635,1.769,1.7,2.208a6.236,6.236,0,0,0,.828,1.479.574.574,0,0,0-.256-.127Z\" transform=\"matrix(0.259, 0.966, -0.966, 0.259, 9575.075, -3570.797)\" fill=\"#a67a12\"><\/path><\/svg>\t\t\t<\/span>\n\t\t\t\t\t\t\t\t\t<span class=\"elementor-button-text\">siehe Seite<\/span>\n\t\t\t\t\t<\/span>\n\t\t\t\t\t<\/a>\n\t\t\t\t<\/div>\n\t\t\t\t\t\t\t\t<\/div>\n\t\t\t\t<\/div>\n\t\t\t\t<\/div>\n\t\t<div class=\"elementor-element elementor-element-dec90b6 e-con-full e-flex e-con e-child\" data-id=\"dec90b6\" data-element_type=\"container\" data-e-type=\"container\">\n\t\t\t\t<div class=\"elementor-element elementor-element-aba8ae7 elementor-widget elementor-widget-image\" data-id=\"aba8ae7\" data-element_type=\"widget\" data-e-type=\"widget\" data-widget_type=\"image.default\">\n\t\t\t\t<div class=\"elementor-widget-container\">\n\t\t\t\t\t\t\t\t\t\t\t\t\t\t\t<img loading=\"lazy\" decoding=\"async\" width=\"1254\" height=\"836\" src=\"https:\/\/www.tymad.com\/wp-content\/uploads\/2023\/12\/iStock-1463876808.jpg\" class=\"attachment-full size-full wp-image-2786\" alt=\"\" srcset=\"https:\/\/www.tymad.com\/wp-content\/uploads\/2023\/12\/iStock-1463876808.jpg 1254w, https:\/\/www.tymad.com\/wp-content\/uploads\/2023\/12\/iStock-1463876808-300x200.jpg 300w, https:\/\/www.tymad.com\/wp-content\/uploads\/2023\/12\/iStock-1463876808-1024x683.jpg 1024w, https:\/\/www.tymad.com\/wp-content\/uploads\/2023\/12\/iStock-1463876808-768x512.jpg 768w, https:\/\/www.tymad.com\/wp-content\/uploads\/2023\/12\/iStock-1463876808-18x12.jpg 18w\" sizes=\"auto, (max-width: 1254px) 100vw, 1254px\" title=\"\">\t\t\t\t\t\t\t\t\t\t\t\t\t\t\t<\/div>\n\t\t\t\t<\/div>\n\t\t\t\t<\/div>\n\t\t\t\t<\/div>\n\t\t<div class=\"elementor-element elementor-element-9946558 e-con-full e-flex e-con e-child\" data-id=\"9946558\" data-element_type=\"container\" data-e-type=\"container\">\n\t\t<div class=\"elementor-element elementor-element-c55ea46 e-con-full e-flex e-con e-child\" data-id=\"c55ea46\" data-element_type=\"container\" data-e-type=\"container\" data-settings=\"{&quot;background_background&quot;:&quot;classic&quot;}\">\n\t\t\t\t<div class=\"elementor-element elementor-element-a6f4bff elementor-widget__width-initial elementor-widget elementor-widget-heading\" data-id=\"a6f4bff\" data-element_type=\"widget\" data-e-type=\"widget\" data-widget_type=\"heading.default\">\n\t\t\t\t<div class=\"elementor-widget-container\">\n\t\t\t\t\t<h2 class=\"elementor-heading-title elementor-size-default\">Hotel Groix: Ihr idealer Zwischenstopp zur Erkundung der Insel Groix<\/h2>\t\t\t\t<\/div>\n\t\t\t\t<\/div>\n\t\t\t\t<div class=\"elementor-element elementor-element-e1bbef0 btn-maillage2 elementor-widget__width-initial elementor-mobile-align-center elementor-widget elementor-widget-button\" data-id=\"e1bbef0\" data-element_type=\"widget\" data-e-type=\"widget\" data-widget_type=\"button.default\">\n\t\t\t\t<div class=\"elementor-widget-container\">\n\t\t\t\t\t\t\t\t\t<div class=\"elementor-button-wrapper\">\n\t\t\t\t\t<a class=\"elementor-button elementor-button-link elementor-size-sm\" href=\"https:\/\/www.tymad.com\/de\/hotel-groix\/\">\n\t\t\t\t\t\t<span class=\"elementor-button-content-wrapper\">\n\t\t\t\t\t\t<span class=\"elementor-button-icon\">\n\t\t\t\t<svg xmlns=\"http:\/\/www.w3.org\/2000\/svg\" width=\"14.134\" height=\"21.348\" viewbox=\"0 0 14.134 21.348\"><path d=\"M992.244,10173.632c-.254-.061-.531-.2-1.109-1.2a5.693,5.693,0,0,1-.58-1.285,19.37,19.37,0,0,0-1.334-1.511c-.722-.774-1.54-1.651-2.233-2.516-1.168-1.457-1.839-1.41-2.767-1.347l-.105.008a23.683,23.683,0,0,0-4.233,2.751,33.153,33.153,0,0,0-3.886,3.176,7.872,7.872,0,0,1-1.9,1.818l-.835-1.246a6.31,6.31,0,0,0,1.488-1.4,34.934,34.934,0,0,1,4.328-3.612c3.949-2.914,4.677-2.962,4.916-2.978l.125-.009c1.062-.072,2.382-.164,4.041,1.905.657.819,1.456,1.676,2.16,2.431,1.261,1.352,1.635,1.769,1.7,2.208a6.236,6.236,0,0,0,.828,1.479.574.574,0,0,0-.256-.127Z\" transform=\"matrix(0.259, 0.966, -0.966, 0.259, 9575.075, -3570.797)\" fill=\"#a67a12\"><\/path><\/svg>\t\t\t<\/span>\n\t\t\t\t\t\t\t\t\t<span class=\"elementor-button-text\">siehe Seite<\/span>\n\t\t\t\t\t<\/span>\n\t\t\t\t\t<\/a>\n\t\t\t\t<\/div>\n\t\t\t\t\t\t\t\t<\/div>\n\t\t\t\t<\/div>\n\t\t\t\t<\/div>\n\t\t<div class=\"elementor-element elementor-element-651eb04 e-con-full e-flex e-con e-child\" data-id=\"651eb04\" data-element_type=\"container\" data-e-type=\"container\">\n\t\t\t\t<div class=\"elementor-element elementor-element-4cb70f9 elementor-widget elementor-widget-image\" data-id=\"4cb70f9\" data-element_type=\"widget\" data-e-type=\"widget\" data-widget_type=\"image.default\">\n\t\t\t\t<div class=\"elementor-widget-container\">\n\t\t\t\t\t\t\t\t\t\t\t\t\t\t\t<img loading=\"lazy\" decoding=\"async\" width=\"2560\" height=\"1707\" src=\"https:\/\/www.tymad.com\/wp-content\/uploads\/2023\/12\/08062023-517A1040-scaled.jpg\" class=\"attachment-full size-full wp-image-2734\" alt=\"Zimmer H\u00f4tel de Groix\" srcset=\"https:\/\/www.tymad.com\/wp-content\/uploads\/2023\/12\/08062023-517A1040-scaled.jpg 2560w, https:\/\/www.tymad.com\/wp-content\/uploads\/2023\/12\/08062023-517A1040-300x200.jpg 300w, https:\/\/www.tymad.com\/wp-content\/uploads\/2023\/12\/08062023-517A1040-1024x683.jpg 1024w, https:\/\/www.tymad.com\/wp-content\/uploads\/2023\/12\/08062023-517A1040-768x512.jpg 768w, https:\/\/www.tymad.com\/wp-content\/uploads\/2023\/12\/08062023-517A1040-1536x1024.jpg 1536w, https:\/\/www.tymad.com\/wp-content\/uploads\/2023\/12\/08062023-517A1040-2048x1365.jpg 2048w, https:\/\/www.tymad.com\/wp-content\/uploads\/2023\/12\/08062023-517A1040-18x12.jpg 18w\" sizes=\"auto, (max-width: 2560px) 100vw, 2560px\" title=\"\">\t\t\t\t\t\t\t\t\t\t\t\t\t\t\t<\/div>\n\t\t\t\t<\/div>\n\t\t\t\t<\/div>\n\t\t\t\t<\/div>\n\t\t<div class=\"elementor-element elementor-element-6b6009b e-con-full e-flex e-con e-child\" data-id=\"6b6009b\" data-element_type=\"container\" data-e-type=\"container\">\n\t\t<div class=\"elementor-element elementor-element-d1e21cb e-con-full e-flex e-con e-child\" data-id=\"d1e21cb\" data-element_type=\"container\" data-e-type=\"container\" data-settings=\"{&quot;background_background&quot;:&quot;classic&quot;}\">\n\t\t\t\t<div class=\"elementor-element elementor-element-c373bef elementor-widget__width-initial elementor-widget elementor-widget-heading\" data-id=\"c373bef\" data-element_type=\"widget\" data-e-type=\"widget\" data-widget_type=\"heading.default\">\n\t\t\t\t<div class=\"elementor-widget-container\">\n\t\t\t\t\t<h2 class=\"elementor-heading-title elementor-size-default\">Nat\u00fcrlicher Charme, Abwechslung und Ruhe im Ty Mad, einem 3*-Hotel auf der Insel Groix<\/h2>\t\t\t\t<\/div>\n\t\t\t\t<\/div>\n\t\t\t\t<div class=\"elementor-element elementor-element-0369ea2 btn-maillage2 elementor-widget__width-initial elementor-mobile-align-center elementor-widget elementor-widget-button\" data-id=\"0369ea2\" data-element_type=\"widget\" data-e-type=\"widget\" data-widget_type=\"button.default\">\n\t\t\t\t<div class=\"elementor-widget-container\">\n\t\t\t\t\t\t\t\t\t<div class=\"elementor-button-wrapper\">\n\t\t\t\t\t<a class=\"elementor-button elementor-button-link elementor-size-sm\" href=\"https:\/\/www.tymad.com\/de\/hotel-sur-lile-de-groix-sejour-3-etoiles-au-ty-mad\/\">\n\t\t\t\t\t\t<span class=\"elementor-button-content-wrapper\">\n\t\t\t\t\t\t<span class=\"elementor-button-icon\">\n\t\t\t\t<svg xmlns=\"http:\/\/www.w3.org\/2000\/svg\" width=\"14.134\" height=\"21.348\" viewbox=\"0 0 14.134 21.348\"><path d=\"M992.244,10173.632c-.254-.061-.531-.2-1.109-1.2a5.693,5.693,0,0,1-.58-1.285,19.37,19.37,0,0,0-1.334-1.511c-.722-.774-1.54-1.651-2.233-2.516-1.168-1.457-1.839-1.41-2.767-1.347l-.105.008a23.683,23.683,0,0,0-4.233,2.751,33.153,33.153,0,0,0-3.886,3.176,7.872,7.872,0,0,1-1.9,1.818l-.835-1.246a6.31,6.31,0,0,0,1.488-1.4,34.934,34.934,0,0,1,4.328-3.612c3.949-2.914,4.677-2.962,4.916-2.978l.125-.009c1.062-.072,2.382-.164,4.041,1.905.657.819,1.456,1.676,2.16,2.431,1.261,1.352,1.635,1.769,1.7,2.208a6.236,6.236,0,0,0,.828,1.479.574.574,0,0,0-.256-.127Z\" transform=\"matrix(0.259, 0.966, -0.966, 0.259, 9575.075, -3570.797)\" fill=\"#a67a12\"><\/path><\/svg>\t\t\t<\/span>\n\t\t\t\t\t\t\t\t\t<span class=\"elementor-button-text\">siehe Seite<\/span>\n\t\t\t\t\t<\/span>\n\t\t\t\t\t<\/a>\n\t\t\t\t<\/div>\n\t\t\t\t\t\t\t\t<\/div>\n\t\t\t\t<\/div>\n\t\t\t\t<\/div>\n\t\t<div class=\"elementor-element elementor-element-7bf5097 e-con-full e-flex e-con e-child\" data-id=\"7bf5097\" data-element_type=\"container\" data-e-type=\"container\">\n\t\t\t\t<div class=\"elementor-element elementor-element-a03f03b elementor-widget elementor-widget-image\" data-id=\"a03f03b\" data-element_type=\"widget\" data-e-type=\"widget\" data-widget_type=\"image.default\">\n\t\t\t\t<div class=\"elementor-widget-container\">\n\t\t\t\t\t\t\t\t\t\t\t\t\t\t\t<img loading=\"lazy\" decoding=\"async\" width=\"611\" height=\"916\" src=\"https:\/\/www.tymad.com\/wp-content\/uploads\/2023\/12\/225778_952e123cd6f64e1b8ac82970513c6b6cmv2_d_3840_5760_s_4_2.webp\" class=\"attachment-full size-full wp-image-2883\" alt=\"Saal des Restaurants mit Blick auf Port Tudy\" srcset=\"https:\/\/www.tymad.com\/wp-content\/uploads\/2023\/12\/225778_952e123cd6f64e1b8ac82970513c6b6cmv2_d_3840_5760_s_4_2.webp 611w, https:\/\/www.tymad.com\/wp-content\/uploads\/2023\/12\/225778_952e123cd6f64e1b8ac82970513c6b6cmv2_d_3840_5760_s_4_2-200x300.webp 200w, https:\/\/www.tymad.com\/wp-content\/uploads\/2023\/12\/225778_952e123cd6f64e1b8ac82970513c6b6cmv2_d_3840_5760_s_4_2-8x12.webp 8w\" sizes=\"auto, (max-width: 611px) 100vw, 611px\" title=\"\">\t\t\t\t\t\t\t\t\t\t\t\t\t\t\t<\/div>\n\t\t\t\t<\/div>\n\t\t\t\t<\/div>\n\t\t\t\t<\/div>\n\t\t<div class=\"elementor-element elementor-element-58ee330 e-con-full e-flex e-con e-child\" data-id=\"58ee330\" data-element_type=\"container\" data-e-type=\"container\">\n\t\t<div class=\"elementor-element elementor-element-79e1239 e-con-full e-flex e-con e-child\" data-id=\"79e1239\" data-element_type=\"container\" data-e-type=\"container\" data-settings=\"{&quot;background_background&quot;:&quot;classic&quot;}\">\n\t\t\t\t<div class=\"elementor-element elementor-element-a21eab0 elementor-widget__width-initial elementor-widget elementor-widget-heading\" data-id=\"a21eab0\" data-element_type=\"widget\" data-e-type=\"widget\" data-widget_type=\"heading.default\">\n\t\t\t\t<div class=\"elementor-widget-container\">\n\t\t\t\t\t<h2 class=\"elementor-heading-title elementor-size-default\">Bar Restaurant auf der \u00cele de Groix: Entdecken Sie \u00abLes Gar\u00e7ons du Port\u00bb im Ty Mad<\/h2>\t\t\t\t<\/div>\n\t\t\t\t<\/div>\n\t\t\t\t<div class=\"elementor-element elementor-element-42f6233 btn-maillage2 elementor-widget__width-initial elementor-mobile-align-center elementor-widget elementor-widget-button\" data-id=\"42f6233\" data-element_type=\"widget\" data-e-type=\"widget\" data-widget_type=\"button.default\">\n\t\t\t\t<div class=\"elementor-widget-container\">\n\t\t\t\t\t\t\t\t\t<div class=\"elementor-button-wrapper\">\n\t\t\t\t\t<a class=\"elementor-button elementor-button-link elementor-size-sm\" href=\"https:\/\/www.tymad.com\/de\/bar-restaurant-a-lile-de-groix-decouvrez-les-garcons-du-port-au-ty-mad\/\">\n\t\t\t\t\t\t<span class=\"elementor-button-content-wrapper\">\n\t\t\t\t\t\t<span class=\"elementor-button-icon\">\n\t\t\t\t<svg xmlns=\"http:\/\/www.w3.org\/2000\/svg\" width=\"14.134\" height=\"21.348\" viewbox=\"0 0 14.134 21.348\"><path d=\"M992.244,10173.632c-.254-.061-.531-.2-1.109-1.2a5.693,5.693,0,0,1-.58-1.285,19.37,19.37,0,0,0-1.334-1.511c-.722-.774-1.54-1.651-2.233-2.516-1.168-1.457-1.839-1.41-2.767-1.347l-.105.008a23.683,23.683,0,0,0-4.233,2.751,33.153,33.153,0,0,0-3.886,3.176,7.872,7.872,0,0,1-1.9,1.818l-.835-1.246a6.31,6.31,0,0,0,1.488-1.4,34.934,34.934,0,0,1,4.328-3.612c3.949-2.914,4.677-2.962,4.916-2.978l.125-.009c1.062-.072,2.382-.164,4.041,1.905.657.819,1.456,1.676,2.16,2.431,1.261,1.352,1.635,1.769,1.7,2.208a6.236,6.236,0,0,0,.828,1.479.574.574,0,0,0-.256-.127Z\" transform=\"matrix(0.259, 0.966, -0.966, 0.259, 9575.075, -3570.797)\" fill=\"#a67a12\"><\/path><\/svg>\t\t\t<\/span>\n\t\t\t\t\t\t\t\t\t<span class=\"elementor-button-text\">siehe Seite<\/span>\n\t\t\t\t\t<\/span>\n\t\t\t\t\t<\/a>\n\t\t\t\t<\/div>\n\t\t\t\t\t\t\t\t<\/div>\n\t\t\t\t<\/div>\n\t\t\t\t<\/div>\n\t\t<div class=\"elementor-element elementor-element-5e5fc57 e-con-full e-flex e-con e-child\" data-id=\"5e5fc57\" data-element_type=\"container\" data-e-type=\"container\">\n\t\t\t\t<div class=\"elementor-element elementor-element-63daa8f elementor-widget elementor-widget-image\" data-id=\"63daa8f\" data-element_type=\"widget\" data-e-type=\"widget\" data-widget_type=\"image.default\">\n\t\t\t\t<div class=\"elementor-widget-container\">\n\t\t\t\t\t\t\t\t\t\t\t\t\t\t\t<img loading=\"lazy\" decoding=\"async\" width=\"1510\" height=\"2013\" src=\"https:\/\/www.tymad.com\/wp-content\/uploads\/2024\/03\/IMG_0376_jpg.jpeg\" class=\"attachment-full size-full wp-image-3341\" alt=\"Innenansicht des Restaurants Les Gar\u00e7ons du Port\" srcset=\"https:\/\/www.tymad.com\/wp-content\/uploads\/2024\/03\/IMG_0376_jpg.jpeg 1510w, https:\/\/www.tymad.com\/wp-content\/uploads\/2024\/03\/IMG_0376_jpg-225x300.jpeg 225w, https:\/\/www.tymad.com\/wp-content\/uploads\/2024\/03\/IMG_0376_jpg-768x1024.jpeg 768w, https:\/\/www.tymad.com\/wp-content\/uploads\/2024\/03\/IMG_0376_jpg-1152x1536.jpeg 1152w, https:\/\/www.tymad.com\/wp-content\/uploads\/2024\/03\/IMG_0376_jpg-9x12.jpeg 9w\" sizes=\"auto, (max-width: 1510px) 100vw, 1510px\" title=\"\">\t\t\t\t\t\t\t\t\t\t\t\t\t\t\t<\/div>\n\t\t\t\t<\/div>\n\t\t\t\t<\/div>\n\t\t\t\t<\/div>\n\t\t<div class=\"elementor-element elementor-element-aae1f29 e-con-full e-flex e-con e-child\" data-id=\"aae1f29\" data-element_type=\"container\" data-e-type=\"container\">\n\t\t<div class=\"elementor-element elementor-element-fef4467 e-con-full e-flex e-con e-child\" data-id=\"fef4467\" data-element_type=\"container\" data-e-type=\"container\" data-settings=\"{&quot;background_background&quot;:&quot;classic&quot;}\">\n\t\t\t\t<div class=\"elementor-element elementor-element-cbc1d91 elementor-widget__width-initial elementor-widget elementor-widget-heading\" data-id=\"cbc1d91\" data-element_type=\"widget\" data-e-type=\"widget\" data-widget_type=\"heading.default\">\n\t\t\t\t<div class=\"elementor-widget-container\">\n\t\t\t\t\t<h2 class=\"elementor-heading-title elementor-size-default\">Unterkunft Groix: Aufenthalt in Ty Mad, zwischen Port Tudy, Insellicht und bretonischer Sanftheit<\/h2>\t\t\t\t<\/div>\n\t\t\t\t<\/div>\n\t\t\t\t<div class=\"elementor-element elementor-element-a1b96fd btn-maillage2 elementor-widget__width-initial elementor-mobile-align-center elementor-widget elementor-widget-button\" data-id=\"a1b96fd\" data-element_type=\"widget\" data-e-type=\"widget\" data-widget_type=\"button.default\">\n\t\t\t\t<div class=\"elementor-widget-container\">\n\t\t\t\t\t\t\t\t\t<div class=\"elementor-button-wrapper\">\n\t\t\t\t\t<a class=\"elementor-button elementor-button-link elementor-size-sm\" href=\"https:\/\/www.tymad.com\/de\/hebergement-groix-sejourner-a-ty-mad-entre-port-tudy-lumiere-insulaire-et-douceur-bretonne\/\">\n\t\t\t\t\t\t<span class=\"elementor-button-content-wrapper\">\n\t\t\t\t\t\t<span class=\"elementor-button-icon\">\n\t\t\t\t<svg xmlns=\"http:\/\/www.w3.org\/2000\/svg\" width=\"14.134\" height=\"21.348\" viewbox=\"0 0 14.134 21.348\"><path d=\"M992.244,10173.632c-.254-.061-.531-.2-1.109-1.2a5.693,5.693,0,0,1-.58-1.285,19.37,19.37,0,0,0-1.334-1.511c-.722-.774-1.54-1.651-2.233-2.516-1.168-1.457-1.839-1.41-2.767-1.347l-.105.008a23.683,23.683,0,0,0-4.233,2.751,33.153,33.153,0,0,0-3.886,3.176,7.872,7.872,0,0,1-1.9,1.818l-.835-1.246a6.31,6.31,0,0,0,1.488-1.4,34.934,34.934,0,0,1,4.328-3.612c3.949-2.914,4.677-2.962,4.916-2.978l.125-.009c1.062-.072,2.382-.164,4.041,1.905.657.819,1.456,1.676,2.16,2.431,1.261,1.352,1.635,1.769,1.7,2.208a6.236,6.236,0,0,0,.828,1.479.574.574,0,0,0-.256-.127Z\" transform=\"matrix(0.259, 0.966, -0.966, 0.259, 9575.075, -3570.797)\" fill=\"#a67a12\"><\/path><\/svg>\t\t\t<\/span>\n\t\t\t\t\t\t\t\t\t<span class=\"elementor-button-text\">siehe Seite<\/span>\n\t\t\t\t\t<\/span>\n\t\t\t\t\t<\/a>\n\t\t\t\t<\/div>\n\t\t\t\t\t\t\t\t<\/div>\n\t\t\t\t<\/div>\n\t\t\t\t<\/div>\n\t\t<div class=\"elementor-element elementor-element-0c6e547 e-con-full e-flex e-con e-child\" data-id=\"0c6e547\" data-element_type=\"container\" data-e-type=\"container\">\n\t\t\t\t<div class=\"elementor-element elementor-element-e3b5371 elementor-widget elementor-widget-image\" data-id=\"e3b5371\" data-element_type=\"widget\" data-e-type=\"widget\" data-widget_type=\"image.default\">\n\t\t\t\t<div class=\"elementor-widget-container\">\n\t\t\t\t\t\t\t\t\t\t\t\t\t\t\t<img loading=\"lazy\" decoding=\"async\" width=\"1254\" height=\"836\" src=\"https:\/\/www.tymad.com\/wp-content\/uploads\/2023\/12\/iStock-1185421061.jpg\" class=\"attachment-full size-full wp-image-2746\" alt=\"\" srcset=\"https:\/\/www.tymad.com\/wp-content\/uploads\/2023\/12\/iStock-1185421061.jpg 1254w, https:\/\/www.tymad.com\/wp-content\/uploads\/2023\/12\/iStock-1185421061-300x200.jpg 300w, https:\/\/www.tymad.com\/wp-content\/uploads\/2023\/12\/iStock-1185421061-1024x683.jpg 1024w, https:\/\/www.tymad.com\/wp-content\/uploads\/2023\/12\/iStock-1185421061-768x512.jpg 768w, https:\/\/www.tymad.com\/wp-content\/uploads\/2023\/12\/iStock-1185421061-18x12.jpg 18w\" sizes=\"auto, (max-width: 1254px) 100vw, 1254px\" title=\"\">\t\t\t\t\t\t\t\t\t\t\t\t\t\t\t<\/div>\n\t\t\t\t<\/div>\n\t\t\t\t<\/div>\n\t\t\t\t<\/div>\n\t\t\t\t\t<\/div>\n\t\t\t\t<\/div>\n\t\t\t\t<\/div>","protected":false},"excerpt":{"rendered":"<p>La Destination Visiter l&rsquo;ile de Groix Restaurant \u00cele de Groix : l\u2019adresse incontournable au bord du port voir la page H\u00f4tel de Charme \u00cele de Groix : D\u00e9couvrez le Ty Mad voir la page H\u00f4tel Groix : votre escale id\u00e9ale pour explorer l&rsquo;\u00eele de Groix voir la page Charme naturel, d\u00e9paysement et qui\u00e9tude au Ty\u00a0Mad, [&hellip;]<\/p>\n","protected":false},"author":11,"featured_media":0,"parent":0,"menu_order":0,"comment_status":"closed","ping_status":"closed","template":"","meta":{"inline_featured_image":false,"footnotes":""},"class_list":["post-3478","page","type-page","status-publish","hentry"],"_links":{"self":[{"href":"https:\/\/www.tymad.com\/de\/wp-json\/wp\/v2\/pages\/3478","targetHints":{"allow":["GET"]}}],"collection":[{"href":"https:\/\/www.tymad.com\/de\/wp-json\/wp\/v2\/pages"}],"about":[{"href":"https:\/\/www.tymad.com\/de\/wp-json\/wp\/v2\/types\/page"}],"author":[{"embeddable":true,"href":"https:\/\/www.tymad.com\/de\/wp-json\/wp\/v2\/users\/11"}],"replies":[{"embeddable":true,"href":"https:\/\/www.tymad.com\/de\/wp-json\/wp\/v2\/comments?post=3478"}],"version-history":[{"count":58,"href":"https:\/\/www.tymad.com\/de\/wp-json\/wp\/v2\/pages\/3478\/revisions"}],"predecessor-version":[{"id":3845,"href":"https:\/\/www.tymad.com\/de\/wp-json\/wp\/v2\/pages\/3478\/revisions\/3845"}],"wp:attachment":[{"href":"https:\/\/www.tymad.com\/de\/wp-json\/wp\/v2\/media?parent=3478"}],"curies":[{"name":"wp","href":"https:\/\/api.w.org\/{rel}","templated":true}]}}